{"id":2677,"date":"2022-02-28T11:29:24","date_gmt":"2022-02-28T11:29:24","guid":{"rendered":"https:\/\/cedipack.fr\/servicios\/experticia-en-sus-maquinas\/"},"modified":"2022-09-14T12:38:36","modified_gmt":"2022-09-14T12:38:36","slug":"experticia-en-sus-maquinas","status":"publish","type":"page","link":"https:\/\/cedipack.fr\/es\/servicios\/experticia-en-sus-maquinas\/","title":{"rendered":"Experticia en sus m\u00e1quinas"},"content":{"rendered":"<p>[et_pb_section fb_built=\u00bb1&#8243; _builder_version=\u00bb4.10.8&#8243; _module_preset=\u00bbdefault\u00bb custom_padding=\u00bb30px||7px||false|false\u00bb saved_tabs=\u00bball\u00bb global_colors_info=\u00bb{}\u00bb][et_pb_row _builder_version=\u00bb4.10.8&#8243; _module_preset=\u00bbdefault\u00bb custom_padding=\u00bb0px||0px||false|false\u00bb global_colors_info=\u00bb{}\u00bb][et_pb_column type=\u00bb4_4&#8243; _builder_version=\u00bb4.10.8&#8243; _module_preset=\u00bbdefault\u00bb global_colors_info=\u00bb{}\u00bb][et_pb_text _builder_version=\u00bb4.10.8&#8243; _module_preset=\u00bbdefault\u00bb global_colors_info=\u00bb{}\u00bb]<span><span><a href=\"https:\/\/cedipack.fr\/es\/\">Accueil<\/a><\/span><\/span>[\/et_pb_text][\/et_pb_column][\/et_pb_row][\/et_pb_section][et_pb_section fb_built=\u00bb1&#8243; fullwidth=\u00bbon\u00bb _builder_version=\u00bb4.10.8&#8243; _module_preset=\u00bbdefault\u00bb global_colors_info=\u00bb{}\u00bb][et_pb_fullwidth_header title=\u00bb\u00a1Solicitar a un experto que eval\u00fae sus m\u00e1quinas\u00bb subhead=\u00bby decida %22seleccionando%22 los trabajos a realizar!\u00bb header_image_url=\u00bbhttp:\/\/cedipack.fr\/wp-content\/uploads\/2021\/10\/technology-gc1f745724_1920.jpg\u00bb _builder_version=\u00bb4.10.8&#8243; _module_preset=\u00bbdefault\u00bb title_font_size=\u00bb45px\u00bb subhead_font=\u00bb|300|||||||\u00bb subhead_font_size=\u00bb20px\u00bb global_colors_info=\u00bb{}\u00bb][\/et_pb_fullwidth_header][\/et_pb_section][et_pb_section fb_built=\u00bb1&#8243; admin_label=\u00bbsection\u00bb _builder_version=\u00bb3.22&#8243; global_colors_info=\u00bb{}\u00bb][et_pb_row _builder_version=\u00bb4.10.8&#8243; _module_preset=\u00bbdefault\u00bb global_colors_info=\u00bb{}\u00bb][et_pb_column type=\u00bb4_4&#8243; _builder_version=\u00bb4.10.8&#8243; _module_preset=\u00bbdefault\u00bb global_colors_info=\u00bb{}\u00bb][et_pb_text _builder_version=\u00bb4.10.8&#8243; _module_preset=\u00bbdefault\u00bb global_colors_info=\u00bb{}\u00bb]<\/p>\n<h2 style=\"text-align: center;\">\u00a140 a\u00f1os de experiencia en soplado<\/h2>\n<h2 style=\"text-align: center;\">para brindarle la mejor experticia!<\/h2>\n<p>&nbsp;<\/p>\n<h3 style=\"text-align: center;\">Nuestro proceso Experticia<\/h3>\n<p>[\/et_pb_text][\/et_pb_column][\/et_pb_row][et_pb_row column_structure=\u00bb1_3,2_3&#8243; _builder_version=\u00bb4.10.8&#8243; _module_preset=\u00bbdefault\u00bb custom_margin=\u00bb||-40px||false|false\u00bb custom_padding=\u00bb|||0px|false|false\u00bb global_colors_info=\u00bb{}\u00bb][et_pb_column type=\u00bb1_3&#8243; _builder_version=\u00bb4.10.8&#8243; _module_preset=\u00bbdefault\u00bb custom_padding=\u00bb|||0px|false|false\u00bb global_colors_info=\u00bb{}\u00bb][et_pb_image src=\u00bbhttps:\/\/cedipack.fr\/wp-content\/uploads\/2021\/11\/etape-1-cedipack.png\u00bb title_text=\u00bbetapa-1-cedipack\u00bb show_bottom_space=\u00bboff\u00bb align=\u00bbcenter\u00bb _builder_version=\u00bb4.10.8&#8243; _module_preset=\u00bbdefault\u00bb transform_scale=\u00bb90%|90%\u00bb transform_translate=\u00bb113px|-4px\u00bb transform_translate_linked=\u00bboff\u00bb global_colors_info=\u00bb{}\u00bb][\/et_pb_image][\/et_pb_column][et_pb_column type=\u00bb2_3&#8243; _builder_version=\u00bb4.10.8&#8243; _module_preset=\u00bbdefault\u00bb global_colors_info=\u00bb{}\u00bb][et_pb_text _builder_version=\u00bb4.10.8&#8243; _module_preset=\u00bbdefault\u00bb transform_translate_linked=\u00bboff\u00bb custom_margin=\u00bb||||false|false\u00bb custom_padding=\u00bb20px|20px|0px|20px|false|true\u00bb box_shadow_style=\u00bbpreset1&#8243; global_colors_info=\u00bb{}\u00bb]<\/p>\n<h2>Etapa 1: Experticia en su f\u00e1brica<\/h2>\n<ul>\n<li style=\"list-style-type: none;\">\n<ul>\n<li>Uno de nuestros expertos se desplaza a su f\u00e1brica para realizar un diagn\u00f3stico de las m\u00e1quinas a reequipar<\/li>\n<li>La experticia puede cubrir toda la m\u00e1quina o una parte espec\u00edfica (p. ej., reemplazo de aut\u00f3mata)<\/li>\n<li>Usted conoce el problema a resolver y definimos juntos las especificaciones de los trabajos a realizar<\/li>\n<\/ul>\n<\/li>\n<\/ul>\n<p>[\/et_pb_text][\/et_pb_column][\/et_pb_row][et_pb_row column_structure=\u00bb1_3,2_3&#8243; _builder_version=\u00bb4.10.8&#8243; _module_preset=\u00bbdefault\u00bb custom_margin=\u00bb||-25px||false|false\u00bb global_colors_info=\u00bb{}\u00bb][et_pb_column type=\u00bb1_3&#8243; _builder_version=\u00bb4.10.8&#8243; _module_preset=\u00bbdefault\u00bb global_colors_info=\u00bb{}\u00bb][et_pb_image src=\u00bbhttps:\/\/cedipack.fr\/wp-content\/uploads\/2021\/11\/etape-2-cedipack.png\u00bb title_text=\u00bbetapa-2-cedipack\u00bb _builder_version=\u00bb4.10.8&#8243; _module_preset=\u00bbdefault\u00bb transform_scale=\u00bb90%|90%\u00bb transform_translate=\u00bb131px|-16px\u00bb global_colors_info=\u00bb{}\u00bb][\/et_pb_image][\/et_pb_column][et_pb_column type=\u00bb2_3&#8243; _builder_version=\u00bb4.10.8&#8243; _module_preset=\u00bbdefault\u00bb global_colors_info=\u00bb{}\u00bb][et_pb_text _builder_version=\u00bb4.10.8&#8243; _module_preset=\u00bbdefault\u00bb min_height=\u00bb52px\u00bb custom_margin=\u00bb83px||||false|false\u00bb custom_padding=\u00bb20px|20px||20px|false|false\u00bb box_shadow_style=\u00bbpreset1&#8243; global_colors_info=\u00bb{}\u00bb]<\/p>\n<h2>Etapa 2: Informe del experto<\/h2>\n<ul>\n<li style=\"list-style-type: none;\">\n<ul>\n<li>Al final de nuestra evaluaci\u00f3n, se le env\u00eda un informe detallado que indica todos los puntos a corregir<\/li>\n<\/ul>\n<\/li>\n<\/ul>\n<p>[\/et_pb_text][\/et_pb_column][\/et_pb_row][et_pb_row column_structure=\u00bb1_3,2_3&#8243; _builder_version=\u00bb4.10.8&#8243; _module_preset=\u00bbdefault\u00bb custom_margin=\u00bb||-25px||false|false\u00bb global_colors_info=\u00bb{}\u00bb][et_pb_column type=\u00bb1_3&#8243; _builder_version=\u00bb4.10.8&#8243; _module_preset=\u00bbdefault\u00bb global_colors_info=\u00bb{}\u00bb][et_pb_image src=\u00bbhttps:\/\/cedipack.fr\/wp-content\/uploads\/2021\/11\/etape-3-cedipack.png\u00bb title_text=\u00bbetapa-3-cedipack\u00bb _builder_version=\u00bb4.10.8&#8243; _module_preset=\u00bbdefault\u00bb transform_translate=\u00bb144px|-24px\u00bb transform_translate_linked=\u00bboff\u00bb global_colors_info=\u00bb{}\u00bb][\/et_pb_image][\/et_pb_column][et_pb_column type=\u00bb2_3&#8243; _builder_version=\u00bb4.10.8&#8243; _module_preset=\u00bbdefault\u00bb global_colors_info=\u00bb{}\u00bb][et_pb_text _builder_version=\u00bb4.10.8&#8243; _module_preset=\u00bbdefault\u00bb custom_margin=\u00bb43px||||false|false\u00bb custom_padding=\u00bb20px|20px||20px|false|false\u00bb box_shadow_style=\u00bbpreset1&#8243; global_colors_info=\u00bb{}\u00bb]<\/p>\n<h2>Etapa 3: Costo (cotizaci\u00f3n)<\/h2>\n<ul>\n<li style=\"list-style-type: none;\">\n<ul>\n<li>Se le env\u00eda una oferta detallada<\/li>\n<li>Usted es libre de confiarnos todo o parte de los trabajos<\/li>\n<\/ul>\n<\/li>\n<\/ul>\n<p>[\/et_pb_text][\/et_pb_column][\/et_pb_row][et_pb_row column_structure=\u00bb1_3,2_3&#8243; _builder_version=\u00bb4.10.8&#8243; _module_preset=\u00bbdefault\u00bb global_colors_info=\u00bb{}\u00bb][et_pb_column type=\u00bb1_3&#8243; _builder_version=\u00bb4.10.8&#8243; _module_preset=\u00bbdefault\u00bb global_colors_info=\u00bb{}\u00bb][et_pb_image src=\u00bbhttps:\/\/cedipack.fr\/wp-content\/uploads\/2021\/11\/etape-4-cedipack.png\u00bb title_text=\u00bbetapa-4-cedipack\u00bb _builder_version=\u00bb4.10.8&#8243; _module_preset=\u00bbdefault\u00bb transform_scale=\u00bb90%|90%\u00bb transform_translate=\u00bb154px|-20px\u00bb global_colors_info=\u00bb{}\u00bb][\/et_pb_image][\/et_pb_column][et_pb_column type=\u00bb2_3&#8243; _builder_version=\u00bb4.10.8&#8243; _module_preset=\u00bbdefault\u00bb global_colors_info=\u00bb{}\u00bb][et_pb_text _builder_version=\u00bb4.10.8&#8243; _module_preset=\u00bbdefault\u00bb custom_margin=\u00bb43px||||false|false\u00bb custom_padding=\u00bb20px|20px|0px|20px|false|false\u00bb box_shadow_style=\u00bbpreset1&#8243; global_colors_info=\u00bb{}\u00bb]<\/p>\n<h2>Etapa 4: Ejecuci\u00f3n de los trabajos<\/h2>\n<ul>\n<li style=\"list-style-type: none;\">\n<ul>\n<li>Definimos juntos un plan de trabajo<\/li>\n<li>Nuestro servicio se realiza de acuerdo con el pliego de condiciones<\/li>\n<li>Al final de los trabajos, pruebas de la m\u00e1quina en producci\u00f3n con sus moldes<\/li>\n<li>Recepci\u00f3n t\u00e9cnica para validar el final de los trabajos<\/li>\n<\/ul>\n<\/li>\n<\/ul>\n<p>[\/et_pb_text][\/et_pb_column][\/et_pb_row][et_pb_row _builder_version=\u00bb4.10.8&#8243; _module_preset=\u00bbdefault\u00bb global_colors_info=\u00bb{}\u00bb][et_pb_column type=\u00bb4_4&#8243; _builder_version=\u00bb4.10.8&#8243; _module_preset=\u00bbdefault\u00bb global_colors_info=\u00bb{}\u00bb][et_pb_button button_url=\u00bb@ET-DC@eyJkeW5hbWljIjp0cnVlLCJjb250ZW50IjoicG9zdF9saW5rX3VybF9wYWdlIiwic2V0dGluZ3MiOnsicG9zdF9pZCI6IjQyIn19@\u00bb button_text=\u00bbP\u00f3ngase en contacto con nosotros\u00bb button_alignment=\u00bbcenter\u00bb _builder_version=\u00bb4.10.8&#8243; _dynamic_attributes=\u00bbbutton_url\u00bb _module_preset=\u00bbdefault\u00bb global_colors_info=\u00bb{}\u00bb][\/et_pb_button][\/et_pb_column][\/et_pb_row][\/et_pb_section]<\/p>\n","protected":false},"excerpt":{"rendered":"<p><span><span><a href=\"https:\/\/cedipack.fr\/es\/\">Accueil<\/a><\/span><\/span>\u00a140 a\u00f1os de experiencia en soplado para brindarle la mejor experticia! &nbsp; Nuestro proceso ExperticiaEtapa 1: Experticia en su f\u00e1brica Uno de nuestros expertos se desplaza a su f\u00e1brica para realizar un diagn\u00f3stico de las m\u00e1quinas a reequipar La experticia puede cubrir toda la m\u00e1quina o una parte espec\u00edfica (p. ej., reemplazo de aut\u00f3mata) Usted [&hellip;]<\/p>\n","protected":false},"author":3,"featured_media":0,"parent":2664,"menu_order":40,"comment_status":"closed","ping_status":"closed","template":"","meta":{"_acf_changed":false,"_et_pb_use_builder":"on","_et_pb_old_content":"","_et_gb_content_width":"","footnotes":""},"class_list":["post-2677","page","type-page","status-publish","hentry"],"acf":[],"yoast_head":"<!-- This site is optimized with the Yoast SEO plugin v26.1 - https:\/\/yoast.com\/wordpress\/plugins\/seo\/ -->\n<title>Experticia en sus m\u00e1quinas - CEDIPACK Blow Molding<\/title>\n<meta name=\"description\" content=\"Haga inspeccionar y diagnosticar su m\u00e1quina.\" \/>\n<meta name=\"robots\" content=\"index, follow, max-snippet:-1, max-image-preview:large, max-video-preview:-1\" \/>\n<link rel=\"canonical\" href=\"https:\/\/cedipack.fr\/es\/servicios\/experticia-en-sus-maquinas\/\" \/>\n<meta property=\"og:locale\" content=\"es_ES\" \/>\n<meta property=\"og:type\" content=\"article\" \/>\n<meta property=\"og:title\" content=\"Experticia en sus m\u00e1quinas - CEDIPACK Blow Molding\" \/>\n<meta property=\"og:description\" content=\"Haga inspeccionar y diagnosticar su m\u00e1quina.\" \/>\n<meta property=\"og:url\" content=\"https:\/\/cedipack.fr\/es\/servicios\/experticia-en-sus-maquinas\/\" \/>\n<meta property=\"og:site_name\" content=\"Cedipack\" \/>\n<meta property=\"article:modified_time\" content=\"2022-09-14T12:38:36+00:00\" \/>\n<meta name=\"twitter:card\" content=\"summary_large_image\" \/>\n<meta name=\"twitter:label1\" content=\"Tiempo de lectura\" \/>\n\t<meta name=\"twitter:data1\" content=\"5 minutos\" \/>\n<script type=\"application\/ld+json\" class=\"yoast-schema-graph\">{\"@context\":\"https:\/\/schema.org\",\"@graph\":[{\"@type\":\"WebPage\",\"@id\":\"https:\/\/cedipack.fr\/es\/servicios\/experticia-en-sus-maquinas\/\",\"url\":\"https:\/\/cedipack.fr\/es\/servicios\/experticia-en-sus-maquinas\/\",\"name\":\"Experticia en sus m\u00e1quinas - CEDIPACK Blow Molding\",\"isPartOf\":{\"@id\":\"https:\/\/cedipack.fr\/es\/#website\"},\"datePublished\":\"2022-02-28T11:29:24+00:00\",\"dateModified\":\"2022-09-14T12:38:36+00:00\",\"description\":\"Haga inspeccionar y diagnosticar su m\u00e1quina.\",\"breadcrumb\":{\"@id\":\"https:\/\/cedipack.fr\/es\/servicios\/experticia-en-sus-maquinas\/#breadcrumb\"},\"inLanguage\":\"es\",\"potentialAction\":[{\"@type\":\"ReadAction\",\"target\":[\"https:\/\/cedipack.fr\/es\/servicios\/experticia-en-sus-maquinas\/\"]}]},{\"@type\":\"BreadcrumbList\",\"@id\":\"https:\/\/cedipack.fr\/es\/servicios\/experticia-en-sus-maquinas\/#breadcrumb\",\"itemListElement\":[{\"@type\":\"ListItem\",\"position\":1,\"name\":\"Accueil\",\"item\":\"https:\/\/cedipack.fr\/es\/\"},{\"@type\":\"ListItem\",\"position\":2,\"name\":\"Servicios\",\"item\":\"https:\/\/cedipack.fr\/es\/servicios\/\"},{\"@type\":\"ListItem\",\"position\":3,\"name\":\"Experticia en sus m\u00e1quinas\"}]},{\"@type\":\"WebSite\",\"@id\":\"https:\/\/cedipack.fr\/es\/#website\",\"url\":\"https:\/\/cedipack.fr\/es\/\",\"name\":\"Cedipack\",\"description\":\"Machines de Fabrication &amp; Conditionnement de bouteilles plastique\",\"potentialAction\":[{\"@type\":\"SearchAction\",\"target\":{\"@type\":\"EntryPoint\",\"urlTemplate\":\"https:\/\/cedipack.fr\/es\/?s={search_term_string}\"},\"query-input\":{\"@type\":\"PropertyValueSpecification\",\"valueRequired\":true,\"valueName\":\"search_term_string\"}}],\"inLanguage\":\"es\"}]}<\/script>\n<!-- \/ Yoast SEO plugin. -->","yoast_head_json":{"title":"Experticia en sus m\u00e1quinas - CEDIPACK Blow Molding","description":"Haga inspeccionar y diagnosticar su m\u00e1quina.","robots":{"index":"index","follow":"follow","max-snippet":"max-snippet:-1","max-image-preview":"max-image-preview:large","max-video-preview":"max-video-preview:-1"},"canonical":"https:\/\/cedipack.fr\/es\/servicios\/experticia-en-sus-maquinas\/","og_locale":"es_ES","og_type":"article","og_title":"Experticia en sus m\u00e1quinas - CEDIPACK Blow Molding","og_description":"Haga inspeccionar y diagnosticar su m\u00e1quina.","og_url":"https:\/\/cedipack.fr\/es\/servicios\/experticia-en-sus-maquinas\/","og_site_name":"Cedipack","article_modified_time":"2022-09-14T12:38:36+00:00","twitter_card":"summary_large_image","twitter_misc":{"Tiempo de lectura":"5 minutos"},"schema":{"@context":"https:\/\/schema.org","@graph":[{"@type":"WebPage","@id":"https:\/\/cedipack.fr\/es\/servicios\/experticia-en-sus-maquinas\/","url":"https:\/\/cedipack.fr\/es\/servicios\/experticia-en-sus-maquinas\/","name":"Experticia en sus m\u00e1quinas - CEDIPACK Blow Molding","isPartOf":{"@id":"https:\/\/cedipack.fr\/es\/#website"},"datePublished":"2022-02-28T11:29:24+00:00","dateModified":"2022-09-14T12:38:36+00:00","description":"Haga inspeccionar y diagnosticar su m\u00e1quina.","breadcrumb":{"@id":"https:\/\/cedipack.fr\/es\/servicios\/experticia-en-sus-maquinas\/#breadcrumb"},"inLanguage":"es","potentialAction":[{"@type":"ReadAction","target":["https:\/\/cedipack.fr\/es\/servicios\/experticia-en-sus-maquinas\/"]}]},{"@type":"BreadcrumbList","@id":"https:\/\/cedipack.fr\/es\/servicios\/experticia-en-sus-maquinas\/#breadcrumb","itemListElement":[{"@type":"ListItem","position":1,"name":"Accueil","item":"https:\/\/cedipack.fr\/es\/"},{"@type":"ListItem","position":2,"name":"Servicios","item":"https:\/\/cedipack.fr\/es\/servicios\/"},{"@type":"ListItem","position":3,"name":"Experticia en sus m\u00e1quinas"}]},{"@type":"WebSite","@id":"https:\/\/cedipack.fr\/es\/#website","url":"https:\/\/cedipack.fr\/es\/","name":"Cedipack","description":"Machines de Fabrication &amp; Conditionnement de bouteilles plastique","potentialAction":[{"@type":"SearchAction","target":{"@type":"EntryPoint","urlTemplate":"https:\/\/cedipack.fr\/es\/?s={search_term_string}"},"query-input":{"@type":"PropertyValueSpecification","valueRequired":true,"valueName":"search_term_string"}}],"inLanguage":"es"}]}},"_links":{"self":[{"href":"https:\/\/cedipack.fr\/es\/wp-json\/wp\/v2\/pages\/2677","targetHints":{"allow":["GET"]}}],"collection":[{"href":"https:\/\/cedipack.fr\/es\/wp-json\/wp\/v2\/pages"}],"about":[{"href":"https:\/\/cedipack.fr\/es\/wp-json\/wp\/v2\/types\/page"}],"author":[{"embeddable":true,"href":"https:\/\/cedipack.fr\/es\/wp-json\/wp\/v2\/users\/3"}],"replies":[{"embeddable":true,"href":"https:\/\/cedipack.fr\/es\/wp-json\/wp\/v2\/comments?post=2677"}],"version-history":[{"count":6,"href":"https:\/\/cedipack.fr\/es\/wp-json\/wp\/v2\/pages\/2677\/revisions"}],"predecessor-version":[{"id":3693,"href":"https:\/\/cedipack.fr\/es\/wp-json\/wp\/v2\/pages\/2677\/revisions\/3693"}],"up":[{"embeddable":true,"href":"https:\/\/cedipack.fr\/es\/wp-json\/wp\/v2\/pages\/2664"}],"wp:attachment":[{"href":"https:\/\/cedipack.fr\/es\/wp-json\/wp\/v2\/media?parent=2677"}],"curies":[{"name":"wp","href":"https:\/\/api.w.org\/{rel}","templated":true}]}}