{"id":2673,"date":"2022-02-28T11:24:25","date_gmt":"2022-02-28T11:24:25","guid":{"rendered":"https:\/\/cedipack.fr\/servicios\/calidad-de-la-reconstruccion\/"},"modified":"2023-02-15T13:44:20","modified_gmt":"2023-02-15T13:44:20","slug":"calidad-de-la-reconstruccion","status":"publish","type":"page","link":"https:\/\/cedipack.fr\/es\/servicios\/calidad-de-la-reconstruccion\/","title":{"rendered":"Calidad de la reconstrucci\u00f3n"},"content":{"rendered":"<p>[et_pb_section fb_built=\u00bb1&#8243; _builder_version=\u00bb4.10.8&#8243; _module_preset=\u00bbdefault\u00bb custom_padding=\u00bb30px||7px||false|false\u00bb global_module=\u00bb146&#8243; saved_tabs=\u00bball\u00bb global_colors_info=\u00bb{}\u00bb][et_pb_row _builder_version=\u00bb4.16&#8243; _module_preset=\u00bbdefault\u00bb custom_padding=\u00bb0px||0px||false|false\u00bb global_colors_info=\u00bb{}\u00bb][et_pb_column type=\u00bb4_4&#8243; _builder_version=\u00bb4.16&#8243; _module_preset=\u00bbdefault\u00bb global_colors_info=\u00bb{}\u00bb][et_pb_text _builder_version=\u00bb4.16&#8243; _module_preset=\u00bbdefault\u00bb global_colors_info=\u00bb{}\u00bb]<span><span><a href=\"https:\/\/cedipack.fr\/es\/\">Accueil<\/a><\/span><\/span>[\/et_pb_text][\/et_pb_column][\/et_pb_row][\/et_pb_section][et_pb_section fb_built=\u00bb1&#8243; fullwidth=\u00bbon\u00bb _builder_version=\u00bb4.16&#8243; _module_preset=\u00bbdefault\u00bb global_colors_info=\u00bb{}\u00bb][et_pb_fullwidth_header title=\u00bbCiclo de renovaci\u00f3n\u00bb subhead=\u00bbUna reconstrucci\u00f3n completa para un cumplimiento \u00f3ptimo.\u00bb header_image_url=\u00bbhttps:\/\/cedipack.fr\/wp-content\/uploads\/2021\/11\/demontage-integrale-machine-cedipack.jpg\u00bb _builder_version=\u00bb4.16&#8243; _module_preset=\u00bbdefault\u00bb title_font_size=\u00bb45px\u00bb content_font=\u00bb|300|||||||\u00bb content_font_size=\u00bb20px\u00bb subhead_font=\u00bb|300|||||||\u00bb subhead_font_size=\u00bb20px\u00bb global_colors_info=\u00bb{}\u00bb][\/et_pb_fullwidth_header][\/et_pb_section][et_pb_section fb_built=\u00bb1&#8243; admin_label=\u00bbsection\u00bb _builder_version=\u00bb4.16&#8243; global_colors_info=\u00bb{}\u00bb][et_pb_row _builder_version=\u00bb4.16&#8243; _module_preset=\u00bbdefault\u00bb width=\u00bb88%\u00bb custom_margin=\u00bb||-30px||false|false\u00bb custom_padding=\u00bb0px||||false|false\u00bb global_colors_info=\u00bb{}\u00bb][et_pb_column type=\u00bb4_4&#8243; _builder_version=\u00bb4.16&#8243; _module_preset=\u00bbdefault\u00bb global_colors_info=\u00bb{}\u00bb][et_pb_text _builder_version=\u00bb4.16&#8243; _module_preset=\u00bbdefault\u00bb global_colors_info=\u00bb{}\u00bb]<\/p>\n<h2 style=\"text-align: center;\">3 niveles de calidad<\/h2>\n<p>[\/et_pb_text][et_pb_pricing_tables show_bullet=\u00bboff\u00bb _builder_version=\u00bb4.19.5&#8243; _module_preset=\u00bbdefault\u00bb custom_margin=\u00bb|5px||5px|false|false\u00bb custom_padding=\u00bb|5px|0px|5px|false|false\u00bb sticky_limit_bottom=\u00bbrow\u00bb scroll_vertical_motion=\u00bb0|69|69|100|4|0|-4&#8243; hover_enabled=\u00bb0&#8243; border_width_all=\u00bb0px\u00bb border_style_all=\u00bbnone\u00bb global_colors_info=\u00bb{}\u00bb sticky_enabled=\u00bb0&#8243;][et_pb_pricing_table title=\u00bbNivel 3&#8243; subtitle=\u00bbReconstrucci\u00f3n integral\u00bb bullet_color=\u00bb#182945&#8243; price_background_color=\u00bbRGBA(0,0,0,0)\u00bb header_background_color=\u00bb#182945&#8243; _builder_version=\u00bb4.16&#8243; _module_preset=\u00bbdefault\u00bb price_text_color=\u00bb#182945&#8243; header_text_align=\u00bbcenter\u00bb body_text_color=\u00bb#182945&#8243; subheader_text_align=\u00bbcenter\u00bb price_font=\u00bb|600|||||||\u00bb price_text_align=\u00bbcenter\u00bb price_font_size=\u00bb50px\u00bb text_orientation=\u00bbleft\u00bb global_colors_info=\u00bb{}\u00bb sticky_transition=\u00bbon\u00bb]<\/p>\n<p>M\u00e1quinas como nuevas (la mayor\u00eda de componentes nuevos o reacondicionados)<\/p>\n<p>12 meses de garant\u00eda<\/p>\n<p>Nueva automatizaci\u00f3n<\/p>\n<p>Preparaci\u00f3n de las m\u00e1quinas seg\u00fan sus requisitos<\/p>\n<p>Instalaci\u00f3n llave en mano<\/p>\n<p>[\/et_pb_pricing_table][et_pb_pricing_table title=\u00bbNivel 2&#8243; subtitle=\u00bbRevisi\u00f3n de la m\u00e1quina\u00bb bullet_color=\u00bb#182945&#8243; header_background_color=\u00bb#4C5B74&#8243; _builder_version=\u00bb4.16&#8243; _module_preset=\u00bbdefault\u00bb price_text_color=\u00bb#4C5B74&#8243; body_text_color=\u00bb#4C5B74&#8243; price_font=\u00bb|600|||||||\u00bb price_text_align=\u00bbcenter\u00bb price_font_size=\u00bb50px\u00bb global_colors_info=\u00bb{}\u00bb sticky_transition=\u00bbon\u00bb]<\/p>\n<p>M\u00e1quinas revisadas (cambio de componentes defectuosos)<\/p>\n<p>6 meses de garant\u00eda<\/p>\n<p>Preparaci\u00f3n de las m\u00e1quinas seg\u00fan sus requisitos<\/p>\n<p>Instalaci\u00f3n llave en mano<\/p>\n<p>[\/et_pb_pricing_table][et_pb_pricing_table title=\u00bbNivel 1&#8243; subtitle=\u00bbEn el estado\u00bb header_background_color=\u00bb#394A67&#8243; _builder_version=\u00bb4.16&#8243; _module_preset=\u00bbdefault\u00bb price_text_color=\u00bb#394A67&#8243; body_text_color=\u00bb#394A67&#8243; price_font=\u00bb|600|||||||\u00bb price_font_size=\u00bb50px\u00bb global_colors_info=\u00bb{}\u00bb sticky_transition=\u00bbon\u00bb]<\/p>\n<p>M\u00e1quinas vendidas en su estado actual<\/p>\n<p>[\/et_pb_pricing_table][\/et_pb_pricing_tables][\/et_pb_column][\/et_pb_row][et_pb_row _builder_version=\u00bb4.16&#8243; _module_preset=\u00bbdefault\u00bb custom_margin=\u00bb-150px||||false|false\u00bb custom_padding=\u00bb||0px|||\u00bb global_colors_info=\u00bb{}\u00bb][et_pb_column type=\u00bb4_4&#8243; _builder_version=\u00bb4.16&#8243; _module_preset=\u00bbdefault\u00bb global_colors_info=\u00bb{}\u00bb][et_pb_image src=\u00bbhttps:\/\/cedipack.fr\/wp-content\/uploads\/2022\/04\/Reconditionnement-es.png\u00bb title_text=\u00bbReacondicionamiento\u00bb show_bottom_space=\u00bboff\u00bb align=\u00bbcenter\u00bb _builder_version=\u00bb4.16&#8243; _module_preset=\u00bbdefault\u00bb transform_scale=\u00bb98%|98%\u00bb transform_translate_linked=\u00bboff\u00bb width=\u00bb100%\u00bb custom_margin=\u00bb0px||0px||true|false\u00bb global_colors_info=\u00bb{}\u00bb][\/et_pb_image][\/et_pb_column][\/et_pb_row][et_pb_row _builder_version=\u00bb4.16&#8243; _module_preset=\u00bbdefault\u00bb global_colors_info=\u00bb{}\u00bb][et_pb_column type=\u00bb4_4&#8243; _builder_version=\u00bb4.16&#8243; _module_preset=\u00bbdefault\u00bb global_colors_info=\u00bb{}\u00bb][et_pb_text _builder_version=\u00bb4.16&#8243; _module_preset=\u00bbdefault\u00bb background_color=\u00bb#e8e8e8&#8243; custom_padding=\u00bb10px|||10px|false|false\u00bb global_colors_info=\u00bb{}\u00bb]<\/p>\n<h3>Secci\u00f3n el\u00e9ctrica<\/h3>\n<p>[\/et_pb_text][et_pb_image src=\u00bbhttps:\/\/cedipack.fr\/wp-content\/uploads\/2022\/04\/Parte-electrica.png\u00bb title_text=\u00bbSecci\u00f3n el\u00e9ctrica m\u00e1quina soplado extrusora\u00bb _builder_version=\u00bb4.16&#8243; _module_preset=\u00bbdefault\u00bb module_alignment=\u00bbcenter\u00bb global_colors_info=\u00bb{}\u00bb][\/et_pb_image][\/et_pb_column][\/et_pb_row][et_pb_row _builder_version=\u00bb4.16&#8243; _module_preset=\u00bbdefault\u00bb global_colors_info=\u00bb{}\u00bb][et_pb_column type=\u00bb4_4&#8243; _builder_version=\u00bb4.16&#8243; _module_preset=\u00bbdefault\u00bb global_colors_info=\u00bb{}\u00bb][et_pb_text _builder_version=\u00bb4.16&#8243; _module_preset=\u00bbdefault\u00bb background_color=\u00bb#e8e8e8&#8243; custom_padding=\u00bb10px|||10px|false|false\u00bb global_colors_info=\u00bb{}\u00bb]<\/p>\n<h3>Secci\u00f3n hidr\u00e1ulica<\/h3>\n<p>[\/et_pb_text][et_pb_image src=\u00bbhttps:\/\/cedipack.fr\/wp-content\/uploads\/2022\/04\/parte-hydraulica.png\u00bb title_text=\u00bbSecci\u00f3n pieza hidr\u00e1ulica soplado extrusora\u00bb _builder_version=\u00bb4.16&#8243; _module_preset=\u00bbdefault\u00bb global_colors_info=\u00bb{}\u00bb][\/et_pb_image][\/et_pb_column][\/et_pb_row][et_pb_row _builder_version=\u00bb4.16&#8243; _module_preset=\u00bbdefault\u00bb global_colors_info=\u00bb{}\u00bb][et_pb_column type=\u00bb4_4&#8243; _builder_version=\u00bb4.16&#8243; _module_preset=\u00bbdefault\u00bb global_colors_info=\u00bb{}\u00bb][et_pb_text _builder_version=\u00bb4.16&#8243; _module_preset=\u00bbdefault\u00bb background_color=\u00bb#e8e8e8&#8243; custom_padding=\u00bb10px|||10px|false|false\u00bb global_colors_info=\u00bb{}\u00bb]<\/p>\n<h3>Secci\u00f3n mec\u00e1nica<\/h3>\n<p>[\/et_pb_text][et_pb_image src=\u00bbhttps:\/\/cedipack.fr\/wp-content\/uploads\/2022\/04\/parte-mecanica.png\u00bb title_text=\u00bbSecci\u00f3n mec\u00e1nica soplado extrusora\u00bb _builder_version=\u00bb4.16&#8243; _module_preset=\u00bbdefault\u00bb global_colors_info=\u00bb{}\u00bb][\/et_pb_image][\/et_pb_column][\/et_pb_row][et_pb_row _builder_version=\u00bb4.16&#8243; _module_preset=\u00bbdefault\u00bb global_colors_info=\u00bb{}\u00bb][et_pb_column type=\u00bb4_4&#8243; _builder_version=\u00bb4.16&#8243; _module_preset=\u00bbdefault\u00bb global_colors_info=\u00bb{}\u00bb][et_pb_text _builder_version=\u00bb4.16&#8243; _module_preset=\u00bbdefault\u00bb background_color=\u00bb#e8e8e8&#8243; custom_padding=\u00bb10px|||10px|false|false\u00bb global_colors_info=\u00bb{}\u00bb]<\/p>\n<h3>Secci\u00f3n neum\u00e1tica<\/h3>\n<p>[\/et_pb_text][et_pb_image src=\u00bbhttps:\/\/cedipack.fr\/wp-content\/uploads\/2022\/04\/parte-neumatica-1.png\u00bb title_text=\u00bbSecci\u00f3n neum\u00e1tica soplado extrusora\u00bb _builder_version=\u00bb4.16&#8243; _module_preset=\u00bbdefault\u00bb global_colors_info=\u00bb{}\u00bb][\/et_pb_image][\/et_pb_column][\/et_pb_row][et_pb_row _builder_version=\u00bb4.16&#8243; _module_preset=\u00bbdefault\u00bb global_colors_info=\u00bb{}\u00bb][et_pb_column type=\u00bb4_4&#8243; _builder_version=\u00bb4.16&#8243; _module_preset=\u00bbdefault\u00bb global_colors_info=\u00bb{}\u00bb][et_pb_button button_url=\u00bb@ET-DC@eyJkeW5hbWljIjp0cnVlLCJjb250ZW50IjoicG9zdF9saW5rX3VybF9wYWdlIiwic2V0dGluZ3MiOnsicG9zdF9pZCI6IjQyIn19@\u00bb button_text=\u00bbP\u00f3ngase en contacto con nosotros\u00bb button_alignment=\u00bbcenter\u00bb _builder_version=\u00bb4.16&#8243; _dynamic_attributes=\u00bbbutton_url\u00bb _module_preset=\u00bbdefault\u00bb global_colors_info=\u00bb{}\u00bb][\/et_pb_button][\/et_pb_column][\/et_pb_row][\/et_pb_section]<\/p>\n","protected":false},"excerpt":{"rendered":"<p><span><span><a href=\"https:\/\/cedipack.fr\/es\/\">Accueil<\/a><\/span><\/span>3 niveles de calidadM\u00e1quinas como nuevas (la mayor\u00eda de componentes nuevos o reacondicionados) 12 meses de garant\u00eda Nueva automatizaci\u00f3n Preparaci\u00f3n de las m\u00e1quinas seg\u00fan sus requisitos Instalaci\u00f3n llave en manoM\u00e1quinas revisadas (cambio de componentes defectuosos) 6 meses de garant\u00eda Preparaci\u00f3n de las m\u00e1quinas seg\u00fan sus requisitos Instalaci\u00f3n llave en manoM\u00e1quinas vendidas en su estado actualSecci\u00f3n [&hellip;]<\/p>\n","protected":false},"author":3,"featured_media":0,"parent":2664,"menu_order":30,"comment_status":"closed","ping_status":"closed","template":"","meta":{"_acf_changed":false,"_et_pb_use_builder":"on","_et_pb_old_content":"","_et_gb_content_width":"","footnotes":""},"class_list":["post-2673","page","type-page","status-publish","hentry"],"acf":[],"yoast_head":"<!-- This site is optimized with the Yoast SEO plugin v26.1 - https:\/\/yoast.com\/wordpress\/plugins\/seo\/ -->\n<title>Calidad de la reconstrucci\u00f3n - CEDIPACK Blow Molding<\/title>\n<meta name=\"description\" content=\"Una reconstrucci\u00f3n completa para un cumplimiento \u00f3ptimo.\" \/>\n<meta name=\"robots\" content=\"index, follow, max-snippet:-1, max-image-preview:large, max-video-preview:-1\" \/>\n<link rel=\"canonical\" href=\"https:\/\/cedipack.fr\/es\/servicios\/calidad-de-la-reconstruccion\/\" \/>\n<meta property=\"og:locale\" content=\"es_ES\" \/>\n<meta property=\"og:type\" content=\"article\" \/>\n<meta property=\"og:title\" content=\"Calidad de la reconstrucci\u00f3n - CEDIPACK Blow Molding\" \/>\n<meta property=\"og:description\" content=\"Una reconstrucci\u00f3n completa para un cumplimiento \u00f3ptimo.\" \/>\n<meta property=\"og:url\" content=\"https:\/\/cedipack.fr\/es\/servicios\/calidad-de-la-reconstruccion\/\" \/>\n<meta property=\"og:site_name\" content=\"Cedipack\" \/>\n<meta property=\"article:modified_time\" content=\"2023-02-15T13:44:20+00:00\" \/>\n<meta name=\"twitter:card\" content=\"summary_large_image\" \/>\n<meta name=\"twitter:label1\" content=\"Tiempo de lectura\" \/>\n\t<meta name=\"twitter:data1\" content=\"5 minutos\" \/>\n<script type=\"application\/ld+json\" class=\"yoast-schema-graph\">{\"@context\":\"https:\/\/schema.org\",\"@graph\":[{\"@type\":\"WebPage\",\"@id\":\"https:\/\/cedipack.fr\/es\/servicios\/calidad-de-la-reconstruccion\/\",\"url\":\"https:\/\/cedipack.fr\/es\/servicios\/calidad-de-la-reconstruccion\/\",\"name\":\"Calidad de la reconstrucci\u00f3n - CEDIPACK Blow Molding\",\"isPartOf\":{\"@id\":\"https:\/\/cedipack.fr\/es\/#website\"},\"datePublished\":\"2022-02-28T11:24:25+00:00\",\"dateModified\":\"2023-02-15T13:44:20+00:00\",\"description\":\"Una reconstrucci\u00f3n completa para un cumplimiento \u00f3ptimo.\",\"breadcrumb\":{\"@id\":\"https:\/\/cedipack.fr\/es\/servicios\/calidad-de-la-reconstruccion\/#breadcrumb\"},\"inLanguage\":\"es\",\"potentialAction\":[{\"@type\":\"ReadAction\",\"target\":[\"https:\/\/cedipack.fr\/es\/servicios\/calidad-de-la-reconstruccion\/\"]}]},{\"@type\":\"BreadcrumbList\",\"@id\":\"https:\/\/cedipack.fr\/es\/servicios\/calidad-de-la-reconstruccion\/#breadcrumb\",\"itemListElement\":[{\"@type\":\"ListItem\",\"position\":1,\"name\":\"Accueil\",\"item\":\"https:\/\/cedipack.fr\/es\/\"},{\"@type\":\"ListItem\",\"position\":2,\"name\":\"Servicios\",\"item\":\"https:\/\/cedipack.fr\/es\/servicios\/\"},{\"@type\":\"ListItem\",\"position\":3,\"name\":\"Calidad de la reconstrucci\u00f3n\"}]},{\"@type\":\"WebSite\",\"@id\":\"https:\/\/cedipack.fr\/es\/#website\",\"url\":\"https:\/\/cedipack.fr\/es\/\",\"name\":\"Cedipack\",\"description\":\"Machines de Fabrication &amp; Conditionnement de bouteilles plastique\",\"potentialAction\":[{\"@type\":\"SearchAction\",\"target\":{\"@type\":\"EntryPoint\",\"urlTemplate\":\"https:\/\/cedipack.fr\/es\/?s={search_term_string}\"},\"query-input\":{\"@type\":\"PropertyValueSpecification\",\"valueRequired\":true,\"valueName\":\"search_term_string\"}}],\"inLanguage\":\"es\"}]}<\/script>\n<!-- \/ Yoast SEO plugin. -->","yoast_head_json":{"title":"Calidad de la reconstrucci\u00f3n - CEDIPACK Blow Molding","description":"Una reconstrucci\u00f3n completa para un cumplimiento \u00f3ptimo.","robots":{"index":"index","follow":"follow","max-snippet":"max-snippet:-1","max-image-preview":"max-image-preview:large","max-video-preview":"max-video-preview:-1"},"canonical":"https:\/\/cedipack.fr\/es\/servicios\/calidad-de-la-reconstruccion\/","og_locale":"es_ES","og_type":"article","og_title":"Calidad de la reconstrucci\u00f3n - CEDIPACK Blow Molding","og_description":"Una reconstrucci\u00f3n completa para un cumplimiento \u00f3ptimo.","og_url":"https:\/\/cedipack.fr\/es\/servicios\/calidad-de-la-reconstruccion\/","og_site_name":"Cedipack","article_modified_time":"2023-02-15T13:44:20+00:00","twitter_card":"summary_large_image","twitter_misc":{"Tiempo de lectura":"5 minutos"},"schema":{"@context":"https:\/\/schema.org","@graph":[{"@type":"WebPage","@id":"https:\/\/cedipack.fr\/es\/servicios\/calidad-de-la-reconstruccion\/","url":"https:\/\/cedipack.fr\/es\/servicios\/calidad-de-la-reconstruccion\/","name":"Calidad de la reconstrucci\u00f3n - CEDIPACK Blow Molding","isPartOf":{"@id":"https:\/\/cedipack.fr\/es\/#website"},"datePublished":"2022-02-28T11:24:25+00:00","dateModified":"2023-02-15T13:44:20+00:00","description":"Una reconstrucci\u00f3n completa para un cumplimiento \u00f3ptimo.","breadcrumb":{"@id":"https:\/\/cedipack.fr\/es\/servicios\/calidad-de-la-reconstruccion\/#breadcrumb"},"inLanguage":"es","potentialAction":[{"@type":"ReadAction","target":["https:\/\/cedipack.fr\/es\/servicios\/calidad-de-la-reconstruccion\/"]}]},{"@type":"BreadcrumbList","@id":"https:\/\/cedipack.fr\/es\/servicios\/calidad-de-la-reconstruccion\/#breadcrumb","itemListElement":[{"@type":"ListItem","position":1,"name":"Accueil","item":"https:\/\/cedipack.fr\/es\/"},{"@type":"ListItem","position":2,"name":"Servicios","item":"https:\/\/cedipack.fr\/es\/servicios\/"},{"@type":"ListItem","position":3,"name":"Calidad de la reconstrucci\u00f3n"}]},{"@type":"WebSite","@id":"https:\/\/cedipack.fr\/es\/#website","url":"https:\/\/cedipack.fr\/es\/","name":"Cedipack","description":"Machines de Fabrication &amp; Conditionnement de bouteilles plastique","potentialAction":[{"@type":"SearchAction","target":{"@type":"EntryPoint","urlTemplate":"https:\/\/cedipack.fr\/es\/?s={search_term_string}"},"query-input":{"@type":"PropertyValueSpecification","valueRequired":true,"valueName":"search_term_string"}}],"inLanguage":"es"}]}},"_links":{"self":[{"href":"https:\/\/cedipack.fr\/es\/wp-json\/wp\/v2\/pages\/2673","targetHints":{"allow":["GET"]}}],"collection":[{"href":"https:\/\/cedipack.fr\/es\/wp-json\/wp\/v2\/pages"}],"about":[{"href":"https:\/\/cedipack.fr\/es\/wp-json\/wp\/v2\/types\/page"}],"author":[{"embeddable":true,"href":"https:\/\/cedipack.fr\/es\/wp-json\/wp\/v2\/users\/3"}],"replies":[{"embeddable":true,"href":"https:\/\/cedipack.fr\/es\/wp-json\/wp\/v2\/comments?post=2673"}],"version-history":[{"count":26,"href":"https:\/\/cedipack.fr\/es\/wp-json\/wp\/v2\/pages\/2673\/revisions"}],"predecessor-version":[{"id":4715,"href":"https:\/\/cedipack.fr\/es\/wp-json\/wp\/v2\/pages\/2673\/revisions\/4715"}],"up":[{"embeddable":true,"href":"https:\/\/cedipack.fr\/es\/wp-json\/wp\/v2\/pages\/2664"}],"wp:attachment":[{"href":"https:\/\/cedipack.fr\/es\/wp-json\/wp\/v2\/media?parent=2673"}],"curies":[{"name":"wp","href":"https:\/\/api.w.org\/{rel}","templated":true}]}}