{"id":2669,"date":"2022-02-28T11:14:02","date_gmt":"2022-02-28T11:14:02","guid":{"rendered":"https:\/\/cedipack.fr\/servicios\/capacitaciones-y-arranque-de-maquinas\/"},"modified":"2022-09-14T12:24:41","modified_gmt":"2022-09-14T12:24:41","slug":"capacitaciones-y-arranque-de-maquinas","status":"publish","type":"page","link":"https:\/\/cedipack.fr\/es\/servicios\/capacitaciones-y-arranque-de-maquinas\/","title":{"rendered":"Capacitaciones y arranque de m\u00e1quinas"},"content":{"rendered":"<p>[et_pb_section fb_built=\u00bb1&#8243; _builder_version=\u00bb4.10.8&#8243; _module_preset=\u00bbdefault\u00bb custom_padding=\u00bb30px||7px||false|false\u00bb saved_tabs=\u00bball\u00bb global_colors_info=\u00bb{}\u00bb][et_pb_row _builder_version=\u00bb4.10.8&#8243; _module_preset=\u00bbdefault\u00bb custom_padding=\u00bb0px||0px||false|false\u00bb global_colors_info=\u00bb{}\u00bb][et_pb_column type=\u00bb4_4&#8243; _builder_version=\u00bb4.10.8&#8243; _module_preset=\u00bbdefault\u00bb global_colors_info=\u00bb{}\u00bb][et_pb_text _builder_version=\u00bb4.10.8&#8243; _module_preset=\u00bbdefault\u00bb global_colors_info=\u00bb{}\u00bb]<span><span><a href=\"https:\/\/cedipack.fr\/es\/\">Accueil<\/a><\/span><\/span>[\/et_pb_text][\/et_pb_column][\/et_pb_row][\/et_pb_section][et_pb_section fb_built=\u00bb1&#8243; fullwidth=\u00bbon\u00bb _builder_version=\u00bb4.10.8&#8243; _module_preset=\u00bbdefault\u00bb global_colors_info=\u00bb{}\u00bb][et_pb_fullwidth_header title=\u00bbPuesta en marcha y formaci\u00f3n\u00bb header_image_url=\u00bbhttps:\/\/cedipack.fr\/wp-content\/uploads\/2021\/10\/Sidel-DSL-5-14.jpg\u00bb _builder_version=\u00bb4.10.8&#8243; _module_preset=\u00bbdefault\u00bb title_font_size=\u00bb45px\u00bb content_font=\u00bb|300|||||||\u00bb content_font_size=\u00bb20px\u00bb global_colors_info=\u00bb{}\u00bb]<\/p>\n<ul>\n<li>Intervention de notre \u00e9quipe dans votre usine<\/li>\n<li>Montage avec vos techniciens<\/li>\n<li>D\u00e9marrage des machines en production<\/li>\n<li>Formations de vos op\u00e9rateurs de production et maintenance<\/li>\n<\/ul>\n<p>CEDIPACK est agr\u00e9\u00e9 par l&#8217;\u00e9tat pour dispenser de la formation professionnelle<\/p>\n<p>[\/et_pb_fullwidth_header][\/et_pb_section][et_pb_section fb_built=\u00bb1&#8243; admin_label=\u00bbsection\u00bb _builder_version=\u00bb3.22&#8243; global_colors_info=\u00bb{}\u00bb][et_pb_row _builder_version=\u00bb4.10.8&#8243; _module_preset=\u00bbdefault\u00bb global_colors_info=\u00bb{}\u00bb][et_pb_column type=\u00bb4_4&#8243; _builder_version=\u00bb4.10.8&#8243; _module_preset=\u00bbdefault\u00bb global_colors_info=\u00bb{}\u00bb][et_pb_text _builder_version=\u00bb4.10.8&#8243; _module_preset=\u00bbdefault\u00bb global_colors_info=\u00bb{}\u00bb]<\/p>\n<h2 style=\"text-align: center;\">\u00a1Lo seguro para ti de un comienzo exitoso!<br \/>40 a\u00f1os de experiencia en el soplado de cuerpos huecos (botellas, petacas, bidones, etc.)<\/h2>\n<p>[\/et_pb_text][et_pb_image src=\u00bbhttps:\/\/cedipack.fr\/wp-content\/uploads\/2022\/04\/Capacitaciones-y-DM.png\u00bb alt=\u00bbFormaci\u00f3n Cedipack\u00bb title_text=\u00bbFormaci\u00f3n Cedipack\u00bb _builder_version=\u00bb4.10.8&#8243; _module_preset=\u00bbdefault\u00bb width=\u00bb84%\u00bb module_alignment=\u00bbcenter\u00bb global_colors_info=\u00bb{}\u00bb][\/et_pb_image][\/et_pb_column][\/et_pb_row][et_pb_row column_structure=\u00bb1_2,1_2&#8243; _builder_version=\u00bb4.10.8&#8243; _module_preset=\u00bbdefault\u00bb global_colors_info=\u00bb{}\u00bb][et_pb_column type=\u00bb1_2&#8243; _builder_version=\u00bb4.10.8&#8243; _module_preset=\u00bbdefault\u00bb global_colors_info=\u00bb{}\u00bb][et_pb_text _builder_version=\u00bb4.10.8&#8243; _module_preset=\u00bbdefault\u00bb global_colors_info=\u00bb{}\u00bb]<\/p>\n<p>Para una <strong>capacitaci\u00f3n \u00f3ptima<\/strong>, generalmente intervenimos en<strong>2 per\u00edodos distintos:<\/strong><\/p>\n<p><strong>1\u00ba Per\u00edodo de Capacitaci\u00f3n<\/strong><\/p>\n<p style=\"padding-left: 40px;\">Durante el per\u00edodo de puesta en marcha de la m\u00e1quina, lo capacitamos en las t\u00e9cnicas b\u00e1sicas para operar la m\u00e1quina. Abordamos juntos los temas centrales y bajo nuestra supervisi\u00f3n usted hace los primeros ajustes.<\/p>\n<p><strong>2\u00ba Per\u00edodo de Capacitaci\u00f3n<\/strong><\/p>\n<p style=\"padding-left: 40px;\">Periodo de formaci\u00f3n muy rico porque los operadores ya han tenido contacto con la m\u00e1quina y la curiosidad es mayor. Estudiamos juntos los posibles peligros encontrados y aportamos las soluciones adecuadas (p. ej., cambio de moldes, herramientas, ajustes, etc.).<\/p>\n<p>[\/et_pb_text][et_pb_button button_url=\u00bb@ET-DC@eyJkeW5hbWljIjp0cnVlLCJjb250ZW50IjoicG9zdF9saW5rX3VybF9wYWdlIiwic2V0dGluZ3MiOnsicG9zdF9pZCI6IjQyIn19@\u00bb button_text=\u00bbP\u00f3ngase en contacto con nosotros\u00bb button_alignment=\u00bbcenter\u00bb _builder_version=\u00bb4.10.8&#8243; _dynamic_attributes=\u00bbbutton_url\u00bb _module_preset=\u00bbdefault\u00bb global_colors_info=\u00bb{}\u00bb][\/et_pb_button][\/et_pb_column][et_pb_column type=\u00bb1_2&#8243; _builder_version=\u00bb4.10.8&#8243; _module_preset=\u00bbdefault\u00bb global_colors_info=\u00bb{}\u00bb][et_pb_image src=\u00bbhttp:\/\/cedipack.fr\/wp-content\/uploads\/2021\/10\/6-scaled.jpg\u00bb title_text=\u00bb6&#8243; _builder_version=\u00bb4.10.8&#8243; _module_preset=\u00bbdefault\u00bb box_shadow_style=\u00bbpreset2&#8243; global_colors_info=\u00bb{}\u00bb][\/et_pb_image][\/et_pb_column][\/et_pb_row][\/et_pb_section]<\/p>\n","protected":false},"excerpt":{"rendered":"<p><span><span><a href=\"https:\/\/cedipack.fr\/es\/\">Accueil<\/a><\/span><\/span> Intervention de notre \u00e9quipe dans votre usine Montage avec vos techniciens D\u00e9marrage des machines en production Formations de vos op\u00e9rateurs de production et maintenance CEDIPACK est agr\u00e9\u00e9 par l&#8217;\u00e9tat pour dispenser de la formation professionnelle\u00a1Lo seguro para ti de un comienzo exitoso!40 a\u00f1os de experiencia en el soplado de cuerpos huecos (botellas, petacas, bidones, [&hellip;]<\/p>\n","protected":false},"author":3,"featured_media":0,"parent":2664,"menu_order":20,"comment_status":"closed","ping_status":"closed","template":"","meta":{"_acf_changed":false,"_et_pb_use_builder":"on","_et_pb_old_content":"","_et_gb_content_width":"","footnotes":""},"class_list":["post-2669","page","type-page","status-publish","hentry"],"acf":[],"yoast_head":"<!-- This site is optimized with the Yoast SEO plugin v26.1 - https:\/\/yoast.com\/wordpress\/plugins\/seo\/ -->\n<title>Capacitaciones y arranque de m\u00e1quinas - CEDIPACK Blow Molding<\/title>\n<meta name=\"description\" content=\"Inicie y forme a su personal con la experiencia de CEDIPACK.\" \/>\n<meta name=\"robots\" content=\"index, follow, max-snippet:-1, max-image-preview:large, max-video-preview:-1\" \/>\n<link rel=\"canonical\" href=\"https:\/\/cedipack.fr\/es\/servicios\/capacitaciones-y-arranque-de-maquinas\/\" \/>\n<meta property=\"og:locale\" content=\"es_ES\" \/>\n<meta property=\"og:type\" content=\"article\" \/>\n<meta property=\"og:title\" content=\"Capacitaciones y arranque de m\u00e1quinas - CEDIPACK Blow Molding\" \/>\n<meta property=\"og:description\" content=\"Inicie y forme a su personal con la experiencia de CEDIPACK.\" \/>\n<meta property=\"og:url\" content=\"https:\/\/cedipack.fr\/es\/servicios\/capacitaciones-y-arranque-de-maquinas\/\" \/>\n<meta property=\"og:site_name\" content=\"Cedipack\" \/>\n<meta property=\"article:modified_time\" content=\"2022-09-14T12:24:41+00:00\" \/>\n<meta name=\"twitter:card\" content=\"summary_large_image\" \/>\n<meta name=\"twitter:label1\" content=\"Tiempo de lectura\" \/>\n\t<meta name=\"twitter:data1\" content=\"3 minutos\" \/>\n<script type=\"application\/ld+json\" class=\"yoast-schema-graph\">{\"@context\":\"https:\/\/schema.org\",\"@graph\":[{\"@type\":\"WebPage\",\"@id\":\"https:\/\/cedipack.fr\/es\/servicios\/capacitaciones-y-arranque-de-maquinas\/\",\"url\":\"https:\/\/cedipack.fr\/es\/servicios\/capacitaciones-y-arranque-de-maquinas\/\",\"name\":\"Capacitaciones y arranque de m\u00e1quinas - CEDIPACK Blow Molding\",\"isPartOf\":{\"@id\":\"https:\/\/cedipack.fr\/es\/#website\"},\"datePublished\":\"2022-02-28T11:14:02+00:00\",\"dateModified\":\"2022-09-14T12:24:41+00:00\",\"description\":\"Inicie y forme a su personal con la experiencia de CEDIPACK.\",\"breadcrumb\":{\"@id\":\"https:\/\/cedipack.fr\/es\/servicios\/capacitaciones-y-arranque-de-maquinas\/#breadcrumb\"},\"inLanguage\":\"es\",\"potentialAction\":[{\"@type\":\"ReadAction\",\"target\":[\"https:\/\/cedipack.fr\/es\/servicios\/capacitaciones-y-arranque-de-maquinas\/\"]}]},{\"@type\":\"BreadcrumbList\",\"@id\":\"https:\/\/cedipack.fr\/es\/servicios\/capacitaciones-y-arranque-de-maquinas\/#breadcrumb\",\"itemListElement\":[{\"@type\":\"ListItem\",\"position\":1,\"name\":\"Accueil\",\"item\":\"https:\/\/cedipack.fr\/es\/\"},{\"@type\":\"ListItem\",\"position\":2,\"name\":\"Servicios\",\"item\":\"https:\/\/cedipack.fr\/es\/servicios\/\"},{\"@type\":\"ListItem\",\"position\":3,\"name\":\"Capacitaciones y arranque de m\u00e1quinas\"}]},{\"@type\":\"WebSite\",\"@id\":\"https:\/\/cedipack.fr\/es\/#website\",\"url\":\"https:\/\/cedipack.fr\/es\/\",\"name\":\"Cedipack\",\"description\":\"Machines de Fabrication &amp; Conditionnement de bouteilles plastique\",\"potentialAction\":[{\"@type\":\"SearchAction\",\"target\":{\"@type\":\"EntryPoint\",\"urlTemplate\":\"https:\/\/cedipack.fr\/es\/?s={search_term_string}\"},\"query-input\":{\"@type\":\"PropertyValueSpecification\",\"valueRequired\":true,\"valueName\":\"search_term_string\"}}],\"inLanguage\":\"es\"}]}<\/script>\n<!-- \/ Yoast SEO plugin. -->","yoast_head_json":{"title":"Capacitaciones y arranque de m\u00e1quinas - CEDIPACK Blow Molding","description":"Inicie y forme a su personal con la experiencia de CEDIPACK.","robots":{"index":"index","follow":"follow","max-snippet":"max-snippet:-1","max-image-preview":"max-image-preview:large","max-video-preview":"max-video-preview:-1"},"canonical":"https:\/\/cedipack.fr\/es\/servicios\/capacitaciones-y-arranque-de-maquinas\/","og_locale":"es_ES","og_type":"article","og_title":"Capacitaciones y arranque de m\u00e1quinas - CEDIPACK Blow Molding","og_description":"Inicie y forme a su personal con la experiencia de CEDIPACK.","og_url":"https:\/\/cedipack.fr\/es\/servicios\/capacitaciones-y-arranque-de-maquinas\/","og_site_name":"Cedipack","article_modified_time":"2022-09-14T12:24:41+00:00","twitter_card":"summary_large_image","twitter_misc":{"Tiempo de lectura":"3 minutos"},"schema":{"@context":"https:\/\/schema.org","@graph":[{"@type":"WebPage","@id":"https:\/\/cedipack.fr\/es\/servicios\/capacitaciones-y-arranque-de-maquinas\/","url":"https:\/\/cedipack.fr\/es\/servicios\/capacitaciones-y-arranque-de-maquinas\/","name":"Capacitaciones y arranque de m\u00e1quinas - CEDIPACK Blow Molding","isPartOf":{"@id":"https:\/\/cedipack.fr\/es\/#website"},"datePublished":"2022-02-28T11:14:02+00:00","dateModified":"2022-09-14T12:24:41+00:00","description":"Inicie y forme a su personal con la experiencia de CEDIPACK.","breadcrumb":{"@id":"https:\/\/cedipack.fr\/es\/servicios\/capacitaciones-y-arranque-de-maquinas\/#breadcrumb"},"inLanguage":"es","potentialAction":[{"@type":"ReadAction","target":["https:\/\/cedipack.fr\/es\/servicios\/capacitaciones-y-arranque-de-maquinas\/"]}]},{"@type":"BreadcrumbList","@id":"https:\/\/cedipack.fr\/es\/servicios\/capacitaciones-y-arranque-de-maquinas\/#breadcrumb","itemListElement":[{"@type":"ListItem","position":1,"name":"Accueil","item":"https:\/\/cedipack.fr\/es\/"},{"@type":"ListItem","position":2,"name":"Servicios","item":"https:\/\/cedipack.fr\/es\/servicios\/"},{"@type":"ListItem","position":3,"name":"Capacitaciones y arranque de m\u00e1quinas"}]},{"@type":"WebSite","@id":"https:\/\/cedipack.fr\/es\/#website","url":"https:\/\/cedipack.fr\/es\/","name":"Cedipack","description":"Machines de Fabrication &amp; Conditionnement de bouteilles plastique","potentialAction":[{"@type":"SearchAction","target":{"@type":"EntryPoint","urlTemplate":"https:\/\/cedipack.fr\/es\/?s={search_term_string}"},"query-input":{"@type":"PropertyValueSpecification","valueRequired":true,"valueName":"search_term_string"}}],"inLanguage":"es"}]}},"_links":{"self":[{"href":"https:\/\/cedipack.fr\/es\/wp-json\/wp\/v2\/pages\/2669","targetHints":{"allow":["GET"]}}],"collection":[{"href":"https:\/\/cedipack.fr\/es\/wp-json\/wp\/v2\/pages"}],"about":[{"href":"https:\/\/cedipack.fr\/es\/wp-json\/wp\/v2\/types\/page"}],"author":[{"embeddable":true,"href":"https:\/\/cedipack.fr\/es\/wp-json\/wp\/v2\/users\/3"}],"replies":[{"embeddable":true,"href":"https:\/\/cedipack.fr\/es\/wp-json\/wp\/v2\/comments?post=2669"}],"version-history":[{"count":10,"href":"https:\/\/cedipack.fr\/es\/wp-json\/wp\/v2\/pages\/2669\/revisions"}],"predecessor-version":[{"id":3689,"href":"https:\/\/cedipack.fr\/es\/wp-json\/wp\/v2\/pages\/2669\/revisions\/3689"}],"up":[{"embeddable":true,"href":"https:\/\/cedipack.fr\/es\/wp-json\/wp\/v2\/pages\/2664"}],"wp:attachment":[{"href":"https:\/\/cedipack.fr\/es\/wp-json\/wp\/v2\/media?parent=2669"}],"curies":[{"name":"wp","href":"https:\/\/api.w.org\/{rel}","templated":true}]}}