{"id":2665,"date":"2022-02-28T11:09:29","date_gmt":"2022-02-28T11:09:29","guid":{"rendered":"https:\/\/cedipack.fr\/servicios\/garantias-servicio-postventa-repuestos\/"},"modified":"2022-09-14T12:19:27","modified_gmt":"2022-09-14T12:19:27","slug":"garantias-servicio-postventa-repuestos","status":"publish","type":"page","link":"https:\/\/cedipack.fr\/es\/servicios\/garantias-servicio-postventa-repuestos\/","title":{"rendered":"Garant\u00edas \/ Servicio Postventa \/ Repuestos"},"content":{"rendered":"<p>[et_pb_section fb_built=\u00bb1&#8243; _builder_version=\u00bb4.10.8&#8243; _module_preset=\u00bbdefault\u00bb custom_padding=\u00bb30px||7px||false|false\u00bb saved_tabs=\u00bball\u00bb global_colors_info=\u00bb{}\u00bb][et_pb_row _builder_version=\u00bb4.10.8&#8243; _module_preset=\u00bbdefault\u00bb custom_padding=\u00bb0px||0px||false|false\u00bb global_colors_info=\u00bb{}\u00bb][et_pb_column type=\u00bb4_4&#8243; _builder_version=\u00bb4.10.8&#8243; _module_preset=\u00bbdefault\u00bb global_colors_info=\u00bb{}\u00bb][et_pb_text _builder_version=\u00bb4.10.8&#8243; _module_preset=\u00bbdefault\u00bb global_colors_info=\u00bb{}\u00bb]<span><span><a href=\"https:\/\/cedipack.fr\/es\/\">Accueil<\/a><\/span><\/span>[\/et_pb_text][\/et_pb_column][\/et_pb_row][\/et_pb_section][et_pb_section fb_built=\u00bb1&#8243; fullwidth=\u00bbon\u00bb _builder_version=\u00bb4.10.8&#8243; _module_preset=\u00bbdefault\u00bb global_colors_info=\u00bb{}\u00bb][et_pb_fullwidth_header title=\u00bbGarant\u00edas, servicio postventa y repuestos\u00bb subhead=\u00bb \u00a1Compromiso total para asegurar sus producciones! Nuestras inversiones le garantizan nuestra seriedad.\u00bb header_image_url=\u00bbhttp:\/\/cedipack.fr\/wp-content\/uploads\/2021\/10\/SAV.jpg\u00bb _builder_version=\u00bb4.10.8&#8243; _module_preset=\u00bbdefault\u00bb title_font_size=\u00bb45px\u00bb content_font=\u00bb|300|||||||\u00bb content_font_size=\u00bb20px\u00bb subhead_font=\u00bb|300|||||||\u00bb subhead_font_size=\u00bb20px\u00bb global_colors_info=\u00bb{}\u00bb][\/et_pb_fullwidth_header][\/et_pb_section][et_pb_section fb_built=\u00bb1&#8243; _builder_version=\u00bb4.10.8&#8243; _module_preset=\u00bbdefault\u00bb global_colors_info=\u00bb{}\u00bb][et_pb_row column_structure=\u00bb1_2,1_2&#8243; _builder_version=\u00bb4.10.8&#8243; _module_preset=\u00bbdefault\u00bb global_colors_info=\u00bb{}\u00bb][et_pb_column type=\u00bb1_2&#8243; _builder_version=\u00bb4.10.8&#8243; _module_preset=\u00bbdefault\u00bb global_colors_info=\u00bb{}\u00bb][et_pb_text _builder_version=\u00bb4.10.8&#8243; _module_preset=\u00bbdefault\u00bb global_colors_info=\u00bb{}\u00bb]<\/p>\n<ul>\n<ul>Red de subcontratistas ubicados en un radio de 10 km y capaces de fabricar todo tipo de piezas a tiempo<\/ul>\n<\/ul>\n<ul>\n<li style=\"list-style-type: none;\">\n<ul>\n<li>12 meses de garant\u00eda en nuestras m\u00e1quinas reconstruidas<\/li>\n<li>Intervenciones r\u00e1pidas (-48 horas) en Europa seg\u00fan nuestra disponibilidad<\/li>\n<li>Instalaci\u00f3n llave en mano en su sitio<\/li>\n<li>Formaci\u00f3n completa de su personal con apoyo a largo plazo<\/li>\n<li><span>Soluci\u00f3n de problemas y diagn\u00f3stico remotos para m\u00e1quinas equipadas con un aut\u00f3mata Beckhoff<\/span><\/li>\n<li>Se ofrece soporte t\u00e9cnico telef\u00f3nico<\/li>\n<li>Amplio stock de repuestos disponibles de inmediato en nuestra f\u00e1brica<\/li>\n<li>Red eficiente de subcontratistas ubicados en un radio de 10 km y capaces de fabricar todo tipo de piezas en caso de emergencia<\/li>\n<\/ul>\n<\/li>\n<\/ul>\n<p>[\/et_pb_text][et_pb_button button_url=\u00bb@ET-DC@eyJkeW5hbWljIjp0cnVlLCJjb250ZW50IjoicG9zdF9saW5rX3VybF9wYWdlIiwic2V0dGluZ3MiOnsicG9zdF9pZCI6IjQyIn19@\u00bb button_text=\u00bbP\u00f3ngase en contacto con nosotros\u00bb button_alignment=\u00bbcenter\u00bb _builder_version=\u00bb4.10.8&#8243; _dynamic_attributes=\u00bbbutton_url\u00bb _module_preset=\u00bbdefault\u00bb global_colors_info=\u00bb{}\u00bb][\/et_pb_button][\/et_pb_column][et_pb_column type=\u00bb1_2&#8243; _builder_version=\u00bb4.10.8&#8243; _module_preset=\u00bbdefault\u00bb global_colors_info=\u00bb{}\u00bb][et_pb_image src=\u00bbhttps:\/\/cedipack.fr\/wp-content\/uploads\/2022\/04\/Experticia.png\u00bb alt=\u00bbExperiencia Cedipack M\u00e1quinas soplado Extrusora \u00bb title_text=\u00bbexperiencia Cedipack\u00bb align=\u00bbcenter\u00bb _builder_version=\u00bb4.10.8&#8243; _module_preset=\u00bbdefault\u00bb transform_scale=\u00bb116%|116%\u00bb transform_translate=\u00bb5px|-3px\u00bb transform_translate_linked=\u00bboff\u00bb global_colors_info=\u00bb{}\u00bb][\/et_pb_image][\/et_pb_column][\/et_pb_row][\/et_pb_section]<\/p>\n","protected":false},"excerpt":{"rendered":"<p><span><span><a href=\"https:\/\/cedipack.fr\/es\/\">Accueil<\/a><\/span><\/span> Red de subcontratistas ubicados en un radio de 10 km y capaces de fabricar todo tipo de piezas a tiempo 12 meses de garant\u00eda en nuestras m\u00e1quinas reconstruidas Intervenciones r\u00e1pidas (-48 horas) en Europa seg\u00fan nuestra disponibilidad Instalaci\u00f3n llave en mano en su sitio Formaci\u00f3n completa de su personal con apoyo a largo plazo [&hellip;]<\/p>\n","protected":false},"author":3,"featured_media":0,"parent":2664,"menu_order":10,"comment_status":"closed","ping_status":"closed","template":"","meta":{"_acf_changed":false,"_et_pb_use_builder":"on","_et_pb_old_content":"","_et_gb_content_width":"","footnotes":""},"class_list":["post-2665","page","type-page","status-publish","hentry"],"acf":[],"yoast_head":"<!-- This site is optimized with the Yoast SEO plugin v26.1 - https:\/\/yoast.com\/wordpress\/plugins\/seo\/ -->\n<title>Garant\u00edas \/ Servicio Postventa \/ Repuestos - CEDIPACK Blow Molding<\/title>\n<meta name=\"description\" content=\"Una garant\u00eda de 12 meses, un servicio posventa activo y el suministro de sus piezas de recambio.\" \/>\n<meta name=\"robots\" content=\"index, follow, max-snippet:-1, max-image-preview:large, max-video-preview:-1\" \/>\n<link rel=\"canonical\" href=\"https:\/\/cedipack.fr\/es\/servicios\/garantias-servicio-postventa-repuestos\/\" \/>\n<meta property=\"og:locale\" content=\"es_ES\" \/>\n<meta property=\"og:type\" content=\"article\" \/>\n<meta property=\"og:title\" content=\"Garant\u00edas \/ Servicio Postventa \/ Repuestos - CEDIPACK Blow Molding\" \/>\n<meta property=\"og:description\" content=\"Una garant\u00eda de 12 meses, un servicio posventa activo y el suministro de sus piezas de recambio.\" \/>\n<meta property=\"og:url\" content=\"https:\/\/cedipack.fr\/es\/servicios\/garantias-servicio-postventa-repuestos\/\" \/>\n<meta property=\"og:site_name\" content=\"Cedipack\" \/>\n<meta property=\"article:modified_time\" content=\"2022-09-14T12:19:27+00:00\" \/>\n<meta name=\"twitter:card\" content=\"summary_large_image\" \/>\n<meta name=\"twitter:label1\" content=\"Tiempo de lectura\" \/>\n\t<meta name=\"twitter:data1\" content=\"2 minutos\" \/>\n<script type=\"application\/ld+json\" class=\"yoast-schema-graph\">{\"@context\":\"https:\/\/schema.org\",\"@graph\":[{\"@type\":\"WebPage\",\"@id\":\"https:\/\/cedipack.fr\/es\/servicios\/garantias-servicio-postventa-repuestos\/\",\"url\":\"https:\/\/cedipack.fr\/es\/servicios\/garantias-servicio-postventa-repuestos\/\",\"name\":\"Garant\u00edas \/ Servicio Postventa \/ Repuestos - CEDIPACK Blow Molding\",\"isPartOf\":{\"@id\":\"https:\/\/cedipack.fr\/es\/#website\"},\"datePublished\":\"2022-02-28T11:09:29+00:00\",\"dateModified\":\"2022-09-14T12:19:27+00:00\",\"description\":\"Una garant\u00eda de 12 meses, un servicio posventa activo y el suministro de sus piezas de recambio.\",\"breadcrumb\":{\"@id\":\"https:\/\/cedipack.fr\/es\/servicios\/garantias-servicio-postventa-repuestos\/#breadcrumb\"},\"inLanguage\":\"es\",\"potentialAction\":[{\"@type\":\"ReadAction\",\"target\":[\"https:\/\/cedipack.fr\/es\/servicios\/garantias-servicio-postventa-repuestos\/\"]}]},{\"@type\":\"BreadcrumbList\",\"@id\":\"https:\/\/cedipack.fr\/es\/servicios\/garantias-servicio-postventa-repuestos\/#breadcrumb\",\"itemListElement\":[{\"@type\":\"ListItem\",\"position\":1,\"name\":\"Accueil\",\"item\":\"https:\/\/cedipack.fr\/es\/\"},{\"@type\":\"ListItem\",\"position\":2,\"name\":\"Servicios\",\"item\":\"https:\/\/cedipack.fr\/es\/servicios\/\"},{\"@type\":\"ListItem\",\"position\":3,\"name\":\"Garant\u00edas \/ Servicio Postventa \/ Repuestos\"}]},{\"@type\":\"WebSite\",\"@id\":\"https:\/\/cedipack.fr\/es\/#website\",\"url\":\"https:\/\/cedipack.fr\/es\/\",\"name\":\"Cedipack\",\"description\":\"Machines de Fabrication &amp; Conditionnement de bouteilles plastique\",\"potentialAction\":[{\"@type\":\"SearchAction\",\"target\":{\"@type\":\"EntryPoint\",\"urlTemplate\":\"https:\/\/cedipack.fr\/es\/?s={search_term_string}\"},\"query-input\":{\"@type\":\"PropertyValueSpecification\",\"valueRequired\":true,\"valueName\":\"search_term_string\"}}],\"inLanguage\":\"es\"}]}<\/script>\n<!-- \/ Yoast SEO plugin. -->","yoast_head_json":{"title":"Garant\u00edas \/ Servicio Postventa \/ Repuestos - CEDIPACK Blow Molding","description":"Una garant\u00eda de 12 meses, un servicio posventa activo y el suministro de sus piezas de recambio.","robots":{"index":"index","follow":"follow","max-snippet":"max-snippet:-1","max-image-preview":"max-image-preview:large","max-video-preview":"max-video-preview:-1"},"canonical":"https:\/\/cedipack.fr\/es\/servicios\/garantias-servicio-postventa-repuestos\/","og_locale":"es_ES","og_type":"article","og_title":"Garant\u00edas \/ Servicio Postventa \/ Repuestos - CEDIPACK Blow Molding","og_description":"Una garant\u00eda de 12 meses, un servicio posventa activo y el suministro de sus piezas de recambio.","og_url":"https:\/\/cedipack.fr\/es\/servicios\/garantias-servicio-postventa-repuestos\/","og_site_name":"Cedipack","article_modified_time":"2022-09-14T12:19:27+00:00","twitter_card":"summary_large_image","twitter_misc":{"Tiempo de lectura":"2 minutos"},"schema":{"@context":"https:\/\/schema.org","@graph":[{"@type":"WebPage","@id":"https:\/\/cedipack.fr\/es\/servicios\/garantias-servicio-postventa-repuestos\/","url":"https:\/\/cedipack.fr\/es\/servicios\/garantias-servicio-postventa-repuestos\/","name":"Garant\u00edas \/ Servicio Postventa \/ Repuestos - CEDIPACK Blow Molding","isPartOf":{"@id":"https:\/\/cedipack.fr\/es\/#website"},"datePublished":"2022-02-28T11:09:29+00:00","dateModified":"2022-09-14T12:19:27+00:00","description":"Una garant\u00eda de 12 meses, un servicio posventa activo y el suministro de sus piezas de recambio.","breadcrumb":{"@id":"https:\/\/cedipack.fr\/es\/servicios\/garantias-servicio-postventa-repuestos\/#breadcrumb"},"inLanguage":"es","potentialAction":[{"@type":"ReadAction","target":["https:\/\/cedipack.fr\/es\/servicios\/garantias-servicio-postventa-repuestos\/"]}]},{"@type":"BreadcrumbList","@id":"https:\/\/cedipack.fr\/es\/servicios\/garantias-servicio-postventa-repuestos\/#breadcrumb","itemListElement":[{"@type":"ListItem","position":1,"name":"Accueil","item":"https:\/\/cedipack.fr\/es\/"},{"@type":"ListItem","position":2,"name":"Servicios","item":"https:\/\/cedipack.fr\/es\/servicios\/"},{"@type":"ListItem","position":3,"name":"Garant\u00edas \/ Servicio Postventa \/ Repuestos"}]},{"@type":"WebSite","@id":"https:\/\/cedipack.fr\/es\/#website","url":"https:\/\/cedipack.fr\/es\/","name":"Cedipack","description":"Machines de Fabrication &amp; Conditionnement de bouteilles plastique","potentialAction":[{"@type":"SearchAction","target":{"@type":"EntryPoint","urlTemplate":"https:\/\/cedipack.fr\/es\/?s={search_term_string}"},"query-input":{"@type":"PropertyValueSpecification","valueRequired":true,"valueName":"search_term_string"}}],"inLanguage":"es"}]}},"_links":{"self":[{"href":"https:\/\/cedipack.fr\/es\/wp-json\/wp\/v2\/pages\/2665","targetHints":{"allow":["GET"]}}],"collection":[{"href":"https:\/\/cedipack.fr\/es\/wp-json\/wp\/v2\/pages"}],"about":[{"href":"https:\/\/cedipack.fr\/es\/wp-json\/wp\/v2\/types\/page"}],"author":[{"embeddable":true,"href":"https:\/\/cedipack.fr\/es\/wp-json\/wp\/v2\/users\/3"}],"replies":[{"embeddable":true,"href":"https:\/\/cedipack.fr\/es\/wp-json\/wp\/v2\/comments?post=2665"}],"version-history":[{"count":10,"href":"https:\/\/cedipack.fr\/es\/wp-json\/wp\/v2\/pages\/2665\/revisions"}],"predecessor-version":[{"id":3687,"href":"https:\/\/cedipack.fr\/es\/wp-json\/wp\/v2\/pages\/2665\/revisions\/3687"}],"up":[{"embeddable":true,"href":"https:\/\/cedipack.fr\/es\/wp-json\/wp\/v2\/pages\/2664"}],"wp:attachment":[{"href":"https:\/\/cedipack.fr\/es\/wp-json\/wp\/v2\/media?parent=2665"}],"curies":[{"name":"wp","href":"https:\/\/api.w.org\/{rel}","templated":true}]}}