{"id":2649,"date":"2022-02-28T10:16:29","date_gmt":"2022-02-28T10:16:29","guid":{"rendered":"https:\/\/cedipack.fr\/notas-legales\/"},"modified":"2022-09-14T10:59:08","modified_gmt":"2022-09-14T10:59:08","slug":"notas-legales","status":"publish","type":"page","link":"https:\/\/cedipack.fr\/es\/notas-legales\/","title":{"rendered":"Notas legales"},"content":{"rendered":"<p>[et_pb_section fb_built=\u00bb1&#8243; admin_label=\u00bbsection\u00bb _builder_version=\u00bb3.22&#8243; global_colors_info=\u00bb{}\u00bb][et_pb_row admin_label=\u00bbrow\u00bb _builder_version=\u00bb3.25&#8243; background_size=\u00bbinitial\u00bb background_position=\u00bbtop_left\u00bb background_repeat=\u00bbrepeat\u00bb global_colors_info=\u00bb{}\u00bb][et_pb_column type=\u00bb4_4&#8243; _builder_version=\u00bb3.25&#8243; custom_padding=\u00bb|||\u00bb global_colors_info=\u00bb{}\u00bb custom_padding__hover=\u00bb|||\u00bb][et_pb_text admin_label=\u00bbText\u00bb _builder_version=\u00bb3.27.4&#8243; background_size=\u00bbinitial\u00bb background_position=\u00bbtop_left\u00bb background_repeat=\u00bbrepeat\u00bb global_colors_info=\u00bb{}\u00bb]<\/p>\n<h2>1\/PRESENTACI\u00d3N DEL SITIO<\/h2>\n<p>En virtud del art\u00edculo 6 de la Ley n\u00b0 2004-575 del 21 de junio de 2004 sobre la confianza en la econom\u00eda digital, se informa a los usuarios del SITIO WEB de la identidad de las distintas partes involucradas en su implementaci\u00f3n y seguimiento:<br \/>\nPropietario: CEDIPACK \u2013 6 CHEMIN DE BRANCHY 74600 ANNECY<br \/>\nN\u00famero RCS: Annecy B 350 489 092<br \/>\nResponsable de la publicaci\u00f3n: CEDIPACK \u2013 contact@cedipack.fr<br \/>\nEl responsable de la publicaci\u00f3n es una persona f\u00edsica o jur\u00eddica.<br \/>\nConcepci\u00f3n, Rewriting, Direcci\u00f3n de Arte y Producci\u00f3n: Facilitech \/ My Little Marketer \/ WordPress<br \/>\nCr\u00e9ditos de fotos: CEDIPACK<br \/>\nProducci\u00f3n editorial: \u2013<br \/>\nHost: IONOS by 1&amp;1<\/p>\n<h2>2\/ GESTI\u00d3N Y SEGURIDAD DE LOS DATOS PERSONALES<\/h2>\n<p>CEDIPACK respeta su privacidad. Nuestra pol\u00edtica de privacidad establece nuestras pr\u00e1cticas de privacidad con respecto a la recopilaci\u00f3n y gesti\u00f3n de su informaci\u00f3n a trav\u00e9s de nuestro sitio web, blog, bolet\u00edn informativo y todos los dem\u00e1s medios de comunicaci\u00f3n.<br \/>\nVer toda la informaci\u00f3n sobre nuestra pol\u00edtica de privacidad<\/p>\n<h2>3\/ USO DE COOKIES<\/h2>\n<p>Voir les informations sur notre <a href=\"https:\/\/cedipack.fr\/es\/politica-de-confidencialidad\/\">politique de confidentialit\u00e9<\/a><\/p>\n<h2>4\/ CONDICIONES GENERALES DE USO DEL SITIO Y DE LOS SERVICIOS OFRECIDOS<\/h2>\n<p>El uso del sitio cedipack.fr implica la plena aceptaci\u00f3n de las condiciones generales de uso que se describen a continuaci\u00f3n. Estas condiciones de uso pueden modificarse o complementarse en cualquier momento, por lo que se invita a los usuarios del sitio cedipack.fr a consultarlas peri\u00f3dicamente.<br \/>\nEste sitio es normalmente accesible para los usuarios en cualquier momento. Sin embargo, cedipack.fr puede decidir la interrupci\u00f3n debido al mantenimiento t\u00e9cnico, que luego se esforzar\u00e1 por informar a los usuarios con anticipaci\u00f3n de las fechas y horas de la intervenci\u00f3n.<br \/>\nEl sitio cedipack.fr es actualizado regularmente por Dimitri LINARDOS (dirigente de CEDIPACK). Del mismo modo, las notas legales pueden modificarse en cualquier momento: no obstante, se imponen al usuario, al que se invita a consultarlas con la mayor frecuencia posible para familiarizarse con las mismas.<\/p>\n<h2>5\/ DESCRIPCI\u00d3N DE LOS SERVICIOS PRESTADOS<\/h2>\n<p>El sitio cedipack.fr tiene como objetivo proporcionar informaci\u00f3n sobre todas las actividades de la empresa.<br \/>\nCEDIPACK se esfuerza por proporcionar informaci\u00f3n en el sitio cedipack.fr que sea lo m\u00e1s precisa posible. Sin embargo, no se hace responsable de las omisiones, inexactitudes y deficiencias en la actualizaci\u00f3n, ya sea por s\u00ed misma o por los terceros asociados que le proporcionan esta informaci\u00f3n.<br \/>\nToda la informaci\u00f3n indicada en el sitio cedipack.fr se proporciona \u00fanicamente a t\u00edtulo informativo y est\u00e1 sujeta a actualizaciones. Adem\u00e1s, la informaci\u00f3n del sitio web cedipack.fr no es exhaustiva. Se proporciona sujeta a las modificaciones que se hayan realizado desde que se ha publicado en l\u00ednea.<\/p>\n<h2>6\/ LIMITACIONES CONTRACTUALES SOBRE DATOS T\u00c9CNICOS<\/h2>\n<p>El sitio web no se har\u00e1 responsable de los da\u00f1os materiales relacionados con el uso del sitio. Adem\u00e1s, el usuario del sitio se compromete a acceder al mismo utilizando equipos recientes, que no contengan virus y con un navegador actualizado de \u00faltima generaci\u00f3n.<\/p>\n<h2>7\/ PROPIEDAD INTELECTUAL Y INFRACCIONES<\/h2>\n<p>CEDIPACK es propietaria de los derechos de propiedad intelectual o posee los derechos de uso sobre todos los elementos accesibles en el sitio, en particular los textos, im\u00e1genes, gr\u00e1ficos, logotipos, iconos, sonidos, software (salvo menci\u00f3n de cr\u00e9dito espec\u00edfico).<br \/>\nQueda prohibida cualquier reproducci\u00f3n, representaci\u00f3n, modificaci\u00f3n, publicaci\u00f3n, adaptaci\u00f3n de todo o parte de los elementos del sitio, cualquiera que sea el medio o procedimiento utilizado, salvo autorizaci\u00f3n previa y por escrito de: CEDIPACK.<br \/>\nCualquier uso no autorizado del sitio o de cualquiera de los elementos que contiene se considerar\u00e1 una infracci\u00f3n y proseguir\u00e1 con arreglo a lo dispuesto en los art\u00edculos L.335-2 y siguientes del C\u00f3digo de la Propiedad Intelectual.<\/p>\n<h2>8\/ LIMITACI\u00d3N DE RESPONSABILIDAD<\/h2>\n<p>CEDIPACK no se hace responsable de los da\u00f1os directos o indirectos causados \u200b\u200bal equipo del usuario, al acceder al sitio cedipack.fr, y que resulten del uso de un equipo que no cumpla con las especificaciones indicadas en el punto 4, o la aparici\u00f3n de un error o incompatibilidad.<br \/>\nCEDIPACK tampoco se hace responsable de da\u00f1os indirectos (como p. ej. p\u00e9rdida de mercado o de oportunidad) resultantes del uso del sitio cedipack.fr.<br \/>\nLos espacios interactivos (posibilidad de hacer preguntas en el espacio de contacto) est\u00e1n disponibles para los usuarios. CEDIPACK se reserva el derecho de suprimir, sin previo aviso, cualquier contenido publicado en este espacio que contravenga la legislaci\u00f3n aplicable en Francia, en particular las disposiciones relativas a la protecci\u00f3n de datos. En su caso, CEDIPACK tambi\u00e9n se reserva el derecho a cuestionar la responsabilidad civil y\/o penal del usuario, en particular en caso de mensaje racista, injuriosa, difamatoria o pornogr\u00e1fica, cualquiera que sea el medio utilizado (texto, fotograf\u00eda, etc.).<\/p>\n<h2>9\/ DERECHO APLICABLE Y ATRIBUCI\u00d3N DE JURISDICCI\u00d3N<\/h2>\n<p>Cualquier disputa en relaci\u00f3n con el uso del sitio cedipack.fr est\u00e1 sujeta a la ley francesa. Los tribunales competentes de Par\u00eds tienen jurisdicci\u00f3n exclusiva.<\/p>\n<h2>10\/ LAS PRINCIPALES LEYES AFECTADAS<\/h2>\n<p>Ley n\u00b0 78-87 de 6 de enero de 1978, modificada principalmente por la loi n\u00b0 2004-801 du 6 ao\u00fbt 2004 relative \u00e0 l\u2019informatique, aux fichiers et aux libert\u00e9s (legislaci\u00f3n de protecci\u00f3n de datos de Francia 6 de agosto de 2004).<br \/>\nLoi n\u00b0 2004-575 du 21 juin 2004 pour la confiance dans l\u2019\u00e9conomie num\u00e9rique (ley para la confianza en la econom\u00eda digital de 21 de junho de 2004).<\/p>\n<h2>11\/ L\u00c9XICO<\/h2>\n<p>Usuario: Usuario de Internet que se conecta, utilizando el sitio antes mencionado.<br \/>\nInformaci\u00f3n personal: \u00abinformaci\u00f3n que permita, en cualquier forma, directa o indirectamente, la identificaci\u00f3n de las personas f\u00edsicas a las que se refiere\u00bb (art\u00edculo 2 de la ley n\u00b0 78-17 de 6 de enero de 1978).[\/et_pb_text][\/et_pb_column][\/et_pb_row][\/et_pb_section]<\/p>\n","protected":false},"excerpt":{"rendered":"<p>1\/PRESENTACI\u00d3N DEL SITIO En virtud del art\u00edculo 6 de la Ley n\u00b0 2004-575 del 21 de junio de 2004 sobre la confianza en la econom\u00eda digital, se informa a los usuarios del SITIO WEB de la identidad de las distintas partes involucradas en su implementaci\u00f3n y seguimiento: Propietario: CEDIPACK \u2013 6 CHEMIN DE BRANCHY 74600 [&hellip;]<\/p>\n","protected":false},"author":2,"featured_media":0,"parent":0,"menu_order":0,"comment_status":"closed","ping_status":"closed","template":"","meta":{"_acf_changed":false,"_et_pb_use_builder":"on","_et_pb_old_content":"","_et_gb_content_width":"","footnotes":""},"class_list":["post-2649","page","type-page","status-publish","hentry"],"acf":[],"yoast_head":"<!-- This site is optimized with the Yoast SEO plugin v26.1 - https:\/\/yoast.com\/wordpress\/plugins\/seo\/ -->\n<title>Notas legales - CEDIPACK Blow Molding<\/title>\n<meta name=\"description\" content=\"Consulte nuestro aviso legal.\" \/>\n<meta name=\"robots\" content=\"index, nofollow, max-snippet:-1, max-image-preview:large, max-video-preview:-1\" \/>\n<link rel=\"canonical\" href=\"https:\/\/cedipack.fr\/es\/notas-legales\/\" \/>\n<meta property=\"og:locale\" content=\"es_ES\" \/>\n<meta property=\"og:type\" content=\"article\" \/>\n<meta property=\"og:title\" content=\"Notas legales - CEDIPACK Blow Molding\" \/>\n<meta property=\"og:description\" content=\"Consulte nuestro aviso legal.\" \/>\n<meta property=\"og:url\" content=\"https:\/\/cedipack.fr\/es\/notas-legales\/\" \/>\n<meta property=\"og:site_name\" content=\"Cedipack\" \/>\n<meta property=\"article:modified_time\" content=\"2022-09-14T10:59:08+00:00\" \/>\n<meta name=\"twitter:card\" content=\"summary_large_image\" \/>\n<meta name=\"twitter:label1\" content=\"Tiempo de lectura\" \/>\n\t<meta name=\"twitter:data1\" content=\"5 minutos\" \/>\n<script type=\"application\/ld+json\" class=\"yoast-schema-graph\">{\"@context\":\"https:\/\/schema.org\",\"@graph\":[{\"@type\":\"WebPage\",\"@id\":\"https:\/\/cedipack.fr\/es\/notas-legales\/\",\"url\":\"https:\/\/cedipack.fr\/es\/notas-legales\/\",\"name\":\"Notas legales - CEDIPACK Blow Molding\",\"isPartOf\":{\"@id\":\"https:\/\/cedipack.fr\/es\/#website\"},\"datePublished\":\"2022-02-28T10:16:29+00:00\",\"dateModified\":\"2022-09-14T10:59:08+00:00\",\"description\":\"Consulte nuestro aviso legal.\",\"breadcrumb\":{\"@id\":\"https:\/\/cedipack.fr\/es\/notas-legales\/#breadcrumb\"},\"inLanguage\":\"es\",\"potentialAction\":[{\"@type\":\"ReadAction\",\"target\":[\"https:\/\/cedipack.fr\/es\/notas-legales\/\"]}]},{\"@type\":\"BreadcrumbList\",\"@id\":\"https:\/\/cedipack.fr\/es\/notas-legales\/#breadcrumb\",\"itemListElement\":[{\"@type\":\"ListItem\",\"position\":1,\"name\":\"Accueil\",\"item\":\"https:\/\/cedipack.fr\/es\/\"},{\"@type\":\"ListItem\",\"position\":2,\"name\":\"Notas legales\"}]},{\"@type\":\"WebSite\",\"@id\":\"https:\/\/cedipack.fr\/es\/#website\",\"url\":\"https:\/\/cedipack.fr\/es\/\",\"name\":\"Cedipack\",\"description\":\"Machines de Fabrication &amp; Conditionnement de bouteilles plastique\",\"potentialAction\":[{\"@type\":\"SearchAction\",\"target\":{\"@type\":\"EntryPoint\",\"urlTemplate\":\"https:\/\/cedipack.fr\/es\/?s={search_term_string}\"},\"query-input\":{\"@type\":\"PropertyValueSpecification\",\"valueRequired\":true,\"valueName\":\"search_term_string\"}}],\"inLanguage\":\"es\"}]}<\/script>\n<!-- \/ Yoast SEO plugin. -->","yoast_head_json":{"title":"Notas legales - CEDIPACK Blow Molding","description":"Consulte nuestro aviso legal.","robots":{"index":"index","follow":"nofollow","max-snippet":"max-snippet:-1","max-image-preview":"max-image-preview:large","max-video-preview":"max-video-preview:-1"},"canonical":"https:\/\/cedipack.fr\/es\/notas-legales\/","og_locale":"es_ES","og_type":"article","og_title":"Notas legales - CEDIPACK Blow Molding","og_description":"Consulte nuestro aviso legal.","og_url":"https:\/\/cedipack.fr\/es\/notas-legales\/","og_site_name":"Cedipack","article_modified_time":"2022-09-14T10:59:08+00:00","twitter_card":"summary_large_image","twitter_misc":{"Tiempo de lectura":"5 minutos"},"schema":{"@context":"https:\/\/schema.org","@graph":[{"@type":"WebPage","@id":"https:\/\/cedipack.fr\/es\/notas-legales\/","url":"https:\/\/cedipack.fr\/es\/notas-legales\/","name":"Notas legales - CEDIPACK Blow Molding","isPartOf":{"@id":"https:\/\/cedipack.fr\/es\/#website"},"datePublished":"2022-02-28T10:16:29+00:00","dateModified":"2022-09-14T10:59:08+00:00","description":"Consulte nuestro aviso legal.","breadcrumb":{"@id":"https:\/\/cedipack.fr\/es\/notas-legales\/#breadcrumb"},"inLanguage":"es","potentialAction":[{"@type":"ReadAction","target":["https:\/\/cedipack.fr\/es\/notas-legales\/"]}]},{"@type":"BreadcrumbList","@id":"https:\/\/cedipack.fr\/es\/notas-legales\/#breadcrumb","itemListElement":[{"@type":"ListItem","position":1,"name":"Accueil","item":"https:\/\/cedipack.fr\/es\/"},{"@type":"ListItem","position":2,"name":"Notas legales"}]},{"@type":"WebSite","@id":"https:\/\/cedipack.fr\/es\/#website","url":"https:\/\/cedipack.fr\/es\/","name":"Cedipack","description":"Machines de Fabrication &amp; Conditionnement de bouteilles plastique","potentialAction":[{"@type":"SearchAction","target":{"@type":"EntryPoint","urlTemplate":"https:\/\/cedipack.fr\/es\/?s={search_term_string}"},"query-input":{"@type":"PropertyValueSpecification","valueRequired":true,"valueName":"search_term_string"}}],"inLanguage":"es"}]}},"_links":{"self":[{"href":"https:\/\/cedipack.fr\/es\/wp-json\/wp\/v2\/pages\/2649","targetHints":{"allow":["GET"]}}],"collection":[{"href":"https:\/\/cedipack.fr\/es\/wp-json\/wp\/v2\/pages"}],"about":[{"href":"https:\/\/cedipack.fr\/es\/wp-json\/wp\/v2\/types\/page"}],"author":[{"embeddable":true,"href":"https:\/\/cedipack.fr\/es\/wp-json\/wp\/v2\/users\/2"}],"replies":[{"embeddable":true,"href":"https:\/\/cedipack.fr\/es\/wp-json\/wp\/v2\/comments?post=2649"}],"version-history":[{"count":4,"href":"https:\/\/cedipack.fr\/es\/wp-json\/wp\/v2\/pages\/2649\/revisions"}],"predecessor-version":[{"id":3382,"href":"https:\/\/cedipack.fr\/es\/wp-json\/wp\/v2\/pages\/2649\/revisions\/3382"}],"wp:attachment":[{"href":"https:\/\/cedipack.fr\/es\/wp-json\/wp\/v2\/media?parent=2649"}],"curies":[{"name":"wp","href":"https:\/\/api.w.org\/{rel}","templated":true}]}}