{"id":2632,"date":"2022-02-28T09:21:41","date_gmt":"2022-02-28T09:21:41","guid":{"rendered":"https:\/\/cedipack.fr\/maquinas\/sopladoras\/sopladoras-de-pet\/"},"modified":"2022-09-14T10:18:46","modified_gmt":"2022-09-14T10:18:46","slug":"sopladoras-de-pet","status":"publish","type":"page","link":"https:\/\/cedipack.fr\/es\/maquinas\/sopladoras\/sopladoras-de-pet\/","title":{"rendered":"Sopladoras de PET"},"content":{"rendered":"<p>[et_pb_section fb_built=\u00bb1&#8243; _builder_version=\u00bb4.10.8&#8243; _module_preset=\u00bbdefault\u00bb custom_padding=\u00bb30px||7px||false|false\u00bb saved_tabs=\u00bball\u00bb global_colors_info=\u00bb{}\u00bb][et_pb_row _builder_version=\u00bb4.10.8&#8243; _module_preset=\u00bbdefault\u00bb custom_padding=\u00bb0px||0px||false|false\u00bb global_colors_info=\u00bb{}\u00bb][et_pb_column type=\u00bb4_4&#8243; _builder_version=\u00bb4.10.8&#8243; _module_preset=\u00bbdefault\u00bb global_colors_info=\u00bb{}\u00bb][et_pb_text _builder_version=\u00bb4.10.8&#8243; _module_preset=\u00bbdefault\u00bb global_colors_info=\u00bb{}\u00bb]<span><span><a href=\"https:\/\/cedipack.fr\/es\/\">Accueil<\/a><\/span><\/span>[\/et_pb_text][\/et_pb_column][\/et_pb_row][\/et_pb_section][et_pb_section fb_built=\u00bb1&#8243; _builder_version=\u00bb4.10.8&#8243; _module_preset=\u00bbdefault\u00bb custom_padding=\u00bb0px||0px||false|false\u00bb global_colors_info=\u00bb{}\u00bb][et_pb_row _builder_version=\u00bb4.10.8&#8243; _module_preset=\u00bbdefault\u00bb global_colors_info=\u00bb{}\u00bb][et_pb_column type=\u00bb4_4&#8243; _builder_version=\u00bb4.10.8&#8243; _module_preset=\u00bbdefault\u00bb global_colors_info=\u00bb{}\u00bb][et_pb_text _builder_version=\u00bb4.10.8&#8243; _module_preset=\u00bbdefault\u00bb header_font=\u00bb|600|||||||\u00bb header_text_align=\u00bbcenter\u00bb header_text_color=\u00bb#182945&#8243; header_font_size=\u00bb60px\u00bb header_2_font=\u00bb|600|||||||\u00bb header_2_text_align=\u00bbcenter\u00bb header_2_text_color=\u00bb#4C5B74&#8243; header_2_font_size=\u00bb30px\u00bb global_colors_info=\u00bb{}\u00bb]<\/p>\n<h1>M\u00e1quinas de sopladoras de PET reacondicionadas<\/h1>\n<h2>Como nuevo y garantizadas<\/h2>\n<p>[\/et_pb_text][\/et_pb_column][\/et_pb_row][et_pb_row column_structure=\u00bb3_4,1_4&#8243; _builder_version=\u00bb4.10.8&#8243; _module_preset=\u00bbdefault\u00bb global_colors_info=\u00bb{}\u00bb][et_pb_column type=\u00bb3_4&#8243; _builder_version=\u00bb4.10.8&#8243; _module_preset=\u00bbdefault\u00bb global_colors_info=\u00bb{}\u00bb][et_pb_text _builder_version=\u00bb4.10.8&#8243; _module_preset=\u00bbdefault\u00bb ul_font=\u00bb|300|||||||\u00bb ul_font_size=\u00bb16px\u00bb ul_line_height=\u00bb1.8em\u00bb custom_margin=\u00bb||10px||false|false\u00bb custom_padding=\u00bb||||false|false\u00bb global_colors_info=\u00bb{}\u00bb]<\/p>\n<ul>\n<li>M\u00e1quinas para la producci\u00f3n de botellas de PET con preformas.<\/li>\n<li><strong>Aplicaciones :<\/strong> alimentaci\u00f3n, cosm\u00e9tica, detergentes, medicina, qu\u00edmica, aceites&#8230;<\/li>\n<li>Podemos modificar todas las m\u00e1quinas seg\u00fan sus necesidades de producci\u00f3n (por ejemplo: nueva automatizaci\u00f3n)<\/li>\n<li>Reconstruimos todas las marcas de m\u00e1quinas de sopladoras de PET (SIDEL, ADS, KRONES, SIPA, MAG-PLASTIC, KOSME&#8230;)<\/li>\n<\/ul>\n<p>[\/et_pb_text][et_pb_button button_text=\u00bb\u00bfTiene m\u00e1quinas a la venta? P\u00f3ngase en contacto con nosotros !\u00bb _builder_version=\u00bb4.10.8&#8243; _module_preset=\u00bbdefault\u00bb custom_button=\u00bbon\u00bb button_text_size=\u00bb14px\u00bb button_text_color=\u00bb#ffffff\u00bb button_bg_color=\u00bb#182945&#8243; button_border_width=\u00bb0px\u00bb button_border_radius=\u00bb10px\u00bb button_font=\u00bb|300||on|||||\u00bb button_icon=\u00bb%%3%%\u00bb button_icon_placement=\u00bbleft\u00bb button_on_hover=\u00bboff\u00bb custom_padding=\u00bb10px|40px|10px|40px|false|false\u00bb global_colors_info=\u00bb{}\u00bb][\/et_pb_button][et_pb_button button_text=\u00bbHay otras sopladoras de PET disponibles a demanda. P\u00f3ngase en contacto con nosotros !\u00bb _builder_version=\u00bb4.10.8&#8243; _module_preset=\u00bbdefault\u00bb custom_button=\u00bbon\u00bb button_text_size=\u00bb14px\u00bb button_text_color=\u00bb#ffffff\u00bb button_bg_color=\u00bb#182945&#8243; button_border_width=\u00bb0px\u00bb button_border_radius=\u00bb10px\u00bb button_font=\u00bb|300||on|||||\u00bb button_icon=\u00bb%%3%%\u00bb button_icon_placement=\u00bbleft\u00bb button_on_hover=\u00bboff\u00bb custom_padding=\u00bb10px|40px|10px|40px|false|false\u00bb global_colors_info=\u00bb{}\u00bb][\/et_pb_button][\/et_pb_column][et_pb_column type=\u00bb1_4&#8243; _builder_version=\u00bb4.10.8&#8243; _module_preset=\u00bbdefault\u00bb background_color=\u00bb#e8e8e8&#8243; custom_padding=\u00bb20px|20px|20px|20px|false|false\u00bb global_colors_info=\u00bb{}\u00bb][et_pb_text _builder_version=\u00bb4.10.8&#8243; _module_preset=\u00bbdefault\u00bb text_text_color=\u00bb#282828&#8243; text_orientation=\u00bbcenter\u00bb custom_margin=\u00bb||20px||false|false\u00bb custom_padding=\u00bb||||false|false\u00bb global_colors_info=\u00bb{}\u00bb]<\/p>\n<p>3 niveles de servicio<\/p>\n<p>[\/et_pb_text][et_pb_divider color=\u00bb#ffffff\u00bb divider_weight=\u00bb6px\u00bb _builder_version=\u00bb4.10.8&#8243; _module_preset=\u00bbdefault\u00bb transform_skew=\u00bb-15deg|-15deg\u00bb width=\u00bb40px\u00bb module_alignment=\u00bbcenter\u00bb custom_margin=\u00bb||5px||false|false\u00bb global_colors_info=\u00bb{}\u00bb][\/et_pb_divider][et_pb_text _builder_version=\u00bb4.10.8&#8243; _module_preset=\u00bbdefault\u00bb text_line_height=\u00bb1.2em\u00bb text_orientation=\u00bbcenter\u00bb custom_margin=\u00bb||10px||false|false\u00bb global_colors_info=\u00bb{}\u00bb]<\/p>\n<p><span style=\"color: #182945;font-size: 14px\">M\u00e1quinas reacondicionadas<\/span><br \/><span style=\"color: #4c5b74\">Garant\u00eda<\/span><\/p>\n<p>[\/et_pb_text][et_pb_text _builder_version=\u00bb4.10.8&#8243; _module_preset=\u00bbdefault\u00bb text_line_height=\u00bb1.2em\u00bb text_orientation=\u00bbcenter\u00bb custom_margin=\u00bb||10px||false|false\u00bb global_colors_info=\u00bb{}\u00bb]<span style=\"color: #182945;font-size: 14px\">M\u00e1quinas revisadas<\/span><br \/>\n<span style=\"color: #4c5b74\">Garant\u00eda<\/span>[\/et_pb_text][et_pb_text _builder_version=\u00bb4.10.8&#8243; _module_preset=\u00bbdefault\u00bb text_line_height=\u00bb1.2em\u00bb text_orientation=\u00bbcenter\u00bb global_colors_info=\u00bb{}\u00bb]<span style=\"color: #182945;font-size: 14px\">M\u00e1quinas vendidas<\/span><br \/>\n<span style=\"color: #4c5b74;text-transform:uppercase\">En el estado<\/span>[\/et_pb_text][\/et_pb_column][\/et_pb_row][et_pb_row _builder_version=\u00bb4.10.8&#8243; _module_preset=\u00bbdefault\u00bb custom_margin=\u00bb||||false|false\u00bb custom_padding=\u00bb||0px||false|false\u00bb global_colors_info=\u00bb{}\u00bb][et_pb_column type=\u00bb4_4&#8243; _builder_version=\u00bb4.10.8&#8243; _module_preset=\u00bbdefault\u00bb global_colors_info=\u00bb{}\u00bb][et_pb_text _builder_version=\u00bb4.10.8&#8243; _module_preset=\u00bbdefault\u00bb header_2_font=\u00bb|600|||||||\u00bb header_2_text_color=\u00bb#4C5B74&#8243; header_2_font_size=\u00bb30px\u00bb global_colors_info=\u00bb{}\u00bb]<\/p>\n<h2>Anuncios de extrusoras-sopladoras<\/h2>\n<p>[\/et_pb_text][\/et_pb_column][\/et_pb_row][\/et_pb_section][et_pb_section fb_built=\u00bb1&#8243; _builder_version=\u00bb4.10.8&#8243; _module_preset=\u00bbdefault\u00bb global_colors_info=\u00bb{}\u00bb][et_pb_row column_structure=\u00bb3_4,1_4&#8243; _builder_version=\u00bb4.10.8&#8243; _module_preset=\u00bbdefault\u00bb global_colors_info=\u00bb{}\u00bb][et_pb_column type=\u00bb3_4&#8243; _builder_version=\u00bb4.10.8&#8243; _module_preset=\u00bbdefault\u00bb global_colors_info=\u00bb{}\u00bb][et_pb_blog post_type=\u00bbproject\u00bb show_more=\u00bbon\u00bb show_author=\u00bboff\u00bb show_date=\u00bboff\u00bb show_categories=\u00bboff\u00bb module_id=\u00bbcustomPortfolio\u00bb _builder_version=\u00bb4.10.8&#8243; _module_preset=\u00bbdefault\u00bb header_font=\u00bb|||on|||||\u00bb header_font_size=\u00bb30px\u00bb body_font=\u00bb|600|||||||\u00bb body_text_color=\u00bb#282828&#8243; global_colors_info=\u00bb{}\u00bb][\/et_pb_blog][\/et_pb_column][et_pb_column type=\u00bb1_4&#8243; module_class=\u00bbgreyBg\u00bb _builder_version=\u00bb4.10.8&#8243; _module_preset=\u00bbdefault\u00bb background_enable_color=\u00bboff\u00bb global_colors_info=\u00bb{}\u00bb][et_pb_text _builder_version=\u00bb4.10.8&#8243; _module_preset=\u00bbdefault\u00bb header_2_font=\u00bb|||on|||||\u00bb header_2_text_align=\u00bbcenter\u00bb header_2_text_color=\u00bb#ffffff\u00bb header_2_line_height=\u00bb1.4em\u00bb background_color=\u00bb#182945&#8243; custom_margin=\u00bb||0px||false|false\u00bb custom_padding=\u00bb20px|20px||20px|false|false\u00bb global_colors_info=\u00bb{}\u00bb]<\/p>\n<h2>Extrusoras<br \/>Sopladoras<\/h2>\n<p>[\/et_pb_text][et_pb_menu menu_id=\u00bb14&#8243; active_link_color=\u00bb#ffffff\u00bb module_class=\u00bbsidebarNav\u00bb _builder_version=\u00bb4.10.8&#8243; _module_preset=\u00bbdefault\u00bb menu_font=\u00bb|||on|||||\u00bb menu_text_color=\u00bb#ffffff\u00bb background_color=\u00bb#182945&#8243; custom_padding=\u00bb20px|20px|20px|20px|false|false\u00bb global_colors_info=\u00bb{}\u00bb][\/et_pb_menu][et_pb_text _builder_version=\u00bb4.10.8&#8243; _module_preset=\u00bbdefault\u00bb header_2_font=\u00bb|||on|||||\u00bb header_2_text_align=\u00bbcenter\u00bb header_2_text_color=\u00bb#4C5B74&#8243; header_2_line_height=\u00bb1.4em\u00bb background_color=\u00bb#e8e8e8&#8243; custom_margin=\u00bb||0px||false|false\u00bb custom_padding=\u00bb20px|20px||20px|false|false\u00bb global_colors_info=\u00bb{}\u00bb]<\/p>\n<h2>Automatizaci\u00f3n<\/h2>\n<p>[\/et_pb_text][et_pb_image src=\u00bbhttps:\/\/cedipack.fr\/wp-content\/uploads\/2021\/10\/automatisme.jpg\u00bb title_text=\u00bbAutomatizaci\u00f3n\u00bb show_bottom_space=\u00bboff\u00bb align=\u00bbcenter\u00bb _builder_version=\u00bb4.10.8&#8243; _module_preset=\u00bbdefault\u00bb background_color=\u00bb#e8e8e8&#8243; global_colors_info=\u00bb{}\u00bb][\/et_pb_image][et_pb_button button_text=\u00bbNuestras automatizaciones\u00bb button_alignment=\u00bbcenter\u00bb module_class=\u00bbgreyBg\u00bb _builder_version=\u00bb4.10.8&#8243; _module_preset=\u00bbdefault\u00bb custom_button=\u00bbon\u00bb button_text_size=\u00bb14px\u00bb button_text_color=\u00bb#ffffff\u00bb button_bg_color=\u00bb#4C5B74&#8243; button_border_width=\u00bb0px\u00bb button_border_radius=\u00bb10px\u00bb button_icon=\u00bb%%3%%\u00bb button_icon_placement=\u00bbleft\u00bb button_on_hover=\u00bboff\u00bb custom_margin=\u00bb||||false|false\u00bb custom_padding=\u00bb|||30px|false|false\u00bb global_colors_info=\u00bb{}\u00bb][\/et_pb_button][\/et_pb_column][\/et_pb_row][\/et_pb_section]<\/p>\n","protected":false},"excerpt":{"rendered":"<p><span><span><a href=\"https:\/\/cedipack.fr\/es\/\">Accueil<\/a><\/span><\/span>M\u00e1quinas de sopladoras de PET reacondicionadas Como nuevo y garantizadas M\u00e1quinas para la producci\u00f3n de botellas de PET con preformas. Aplicaciones : alimentaci\u00f3n, cosm\u00e9tica, detergentes, medicina, qu\u00edmica, aceites&#8230; Podemos modificar todas las m\u00e1quinas seg\u00fan sus necesidades de producci\u00f3n (por ejemplo: nueva automatizaci\u00f3n) Reconstruimos todas las marcas de m\u00e1quinas de sopladoras de PET (SIDEL, ADS, KRONES, [&hellip;]<\/p>\n","protected":false},"author":3,"featured_media":0,"parent":2606,"menu_order":20,"comment_status":"closed","ping_status":"closed","template":"","meta":{"_acf_changed":false,"_et_pb_use_builder":"on","_et_pb_old_content":"","_et_gb_content_width":"","footnotes":""},"class_list":["post-2632","page","type-page","status-publish","hentry"],"acf":[],"yoast_head":"<!-- This site is optimized with the Yoast SEO plugin v26.1 - https:\/\/yoast.com\/wordpress\/plugins\/seo\/ -->\n<title>Sopladoras de PET - CEDIPACK Blow Molding<\/title>\n<meta name=\"description\" content=\"Las m\u00e1quinas de soplado est\u00e1n disponibles en varias marcas de m\u00e1quinas de soplado de PET (SIDEL, ADS, KRONES, SIPA, MAG-PLASTIC, KOSME...).\" \/>\n<meta name=\"robots\" content=\"index, follow, max-snippet:-1, max-image-preview:large, max-video-preview:-1\" \/>\n<link rel=\"canonical\" href=\"https:\/\/cedipack.fr\/es\/maquinas\/sopladoras\/sopladoras-de-pet\/\" \/>\n<meta property=\"og:locale\" content=\"es_ES\" \/>\n<meta property=\"og:type\" content=\"article\" \/>\n<meta property=\"og:title\" content=\"Sopladoras de PET - CEDIPACK Blow Molding\" \/>\n<meta property=\"og:description\" content=\"Las m\u00e1quinas de soplado est\u00e1n disponibles en varias marcas de m\u00e1quinas de soplado de PET (SIDEL, ADS, KRONES, SIPA, MAG-PLASTIC, KOSME...).\" \/>\n<meta property=\"og:url\" content=\"https:\/\/cedipack.fr\/es\/maquinas\/sopladoras\/sopladoras-de-pet\/\" \/>\n<meta property=\"og:site_name\" content=\"Cedipack\" \/>\n<meta property=\"article:modified_time\" content=\"2022-09-14T10:18:46+00:00\" \/>\n<meta name=\"twitter:card\" content=\"summary_large_image\" \/>\n<meta name=\"twitter:label1\" content=\"Tiempo de lectura\" \/>\n\t<meta name=\"twitter:data1\" content=\"5 minutos\" \/>\n<script type=\"application\/ld+json\" class=\"yoast-schema-graph\">{\"@context\":\"https:\/\/schema.org\",\"@graph\":[{\"@type\":\"WebPage\",\"@id\":\"https:\/\/cedipack.fr\/es\/maquinas\/sopladoras\/sopladoras-de-pet\/\",\"url\":\"https:\/\/cedipack.fr\/es\/maquinas\/sopladoras\/sopladoras-de-pet\/\",\"name\":\"Sopladoras de PET - CEDIPACK Blow Molding\",\"isPartOf\":{\"@id\":\"https:\/\/cedipack.fr\/es\/#website\"},\"datePublished\":\"2022-02-28T09:21:41+00:00\",\"dateModified\":\"2022-09-14T10:18:46+00:00\",\"description\":\"Las m\u00e1quinas de soplado est\u00e1n disponibles en varias marcas de m\u00e1quinas de soplado de PET (SIDEL, ADS, KRONES, SIPA, MAG-PLASTIC, KOSME...).\",\"breadcrumb\":{\"@id\":\"https:\/\/cedipack.fr\/es\/maquinas\/sopladoras\/sopladoras-de-pet\/#breadcrumb\"},\"inLanguage\":\"es\",\"potentialAction\":[{\"@type\":\"ReadAction\",\"target\":[\"https:\/\/cedipack.fr\/es\/maquinas\/sopladoras\/sopladoras-de-pet\/\"]}]},{\"@type\":\"BreadcrumbList\",\"@id\":\"https:\/\/cedipack.fr\/es\/maquinas\/sopladoras\/sopladoras-de-pet\/#breadcrumb\",\"itemListElement\":[{\"@type\":\"ListItem\",\"position\":1,\"name\":\"Accueil\",\"item\":\"https:\/\/cedipack.fr\/es\/\"},{\"@type\":\"ListItem\",\"position\":2,\"name\":\"M\u00e1quinas\",\"item\":\"https:\/\/cedipack.fr\/es\/maquinas\/\"},{\"@type\":\"ListItem\",\"position\":3,\"name\":\"Sopladoras\",\"item\":\"https:\/\/cedipack.fr\/es\/maquinas\/sopladoras\/\"},{\"@type\":\"ListItem\",\"position\":4,\"name\":\"Sopladoras de PET\"}]},{\"@type\":\"WebSite\",\"@id\":\"https:\/\/cedipack.fr\/es\/#website\",\"url\":\"https:\/\/cedipack.fr\/es\/\",\"name\":\"Cedipack\",\"description\":\"Machines de Fabrication &amp; Conditionnement de bouteilles plastique\",\"potentialAction\":[{\"@type\":\"SearchAction\",\"target\":{\"@type\":\"EntryPoint\",\"urlTemplate\":\"https:\/\/cedipack.fr\/es\/?s={search_term_string}\"},\"query-input\":{\"@type\":\"PropertyValueSpecification\",\"valueRequired\":true,\"valueName\":\"search_term_string\"}}],\"inLanguage\":\"es\"}]}<\/script>\n<!-- \/ Yoast SEO plugin. -->","yoast_head_json":{"title":"Sopladoras de PET - CEDIPACK Blow Molding","description":"Las m\u00e1quinas de soplado est\u00e1n disponibles en varias marcas de m\u00e1quinas de soplado de PET (SIDEL, ADS, KRONES, SIPA, MAG-PLASTIC, KOSME...).","robots":{"index":"index","follow":"follow","max-snippet":"max-snippet:-1","max-image-preview":"max-image-preview:large","max-video-preview":"max-video-preview:-1"},"canonical":"https:\/\/cedipack.fr\/es\/maquinas\/sopladoras\/sopladoras-de-pet\/","og_locale":"es_ES","og_type":"article","og_title":"Sopladoras de PET - CEDIPACK Blow Molding","og_description":"Las m\u00e1quinas de soplado est\u00e1n disponibles en varias marcas de m\u00e1quinas de soplado de PET (SIDEL, ADS, KRONES, SIPA, MAG-PLASTIC, KOSME...).","og_url":"https:\/\/cedipack.fr\/es\/maquinas\/sopladoras\/sopladoras-de-pet\/","og_site_name":"Cedipack","article_modified_time":"2022-09-14T10:18:46+00:00","twitter_card":"summary_large_image","twitter_misc":{"Tiempo de lectura":"5 minutos"},"schema":{"@context":"https:\/\/schema.org","@graph":[{"@type":"WebPage","@id":"https:\/\/cedipack.fr\/es\/maquinas\/sopladoras\/sopladoras-de-pet\/","url":"https:\/\/cedipack.fr\/es\/maquinas\/sopladoras\/sopladoras-de-pet\/","name":"Sopladoras de PET - CEDIPACK Blow Molding","isPartOf":{"@id":"https:\/\/cedipack.fr\/es\/#website"},"datePublished":"2022-02-28T09:21:41+00:00","dateModified":"2022-09-14T10:18:46+00:00","description":"Las m\u00e1quinas de soplado est\u00e1n disponibles en varias marcas de m\u00e1quinas de soplado de PET (SIDEL, ADS, KRONES, SIPA, MAG-PLASTIC, KOSME...).","breadcrumb":{"@id":"https:\/\/cedipack.fr\/es\/maquinas\/sopladoras\/sopladoras-de-pet\/#breadcrumb"},"inLanguage":"es","potentialAction":[{"@type":"ReadAction","target":["https:\/\/cedipack.fr\/es\/maquinas\/sopladoras\/sopladoras-de-pet\/"]}]},{"@type":"BreadcrumbList","@id":"https:\/\/cedipack.fr\/es\/maquinas\/sopladoras\/sopladoras-de-pet\/#breadcrumb","itemListElement":[{"@type":"ListItem","position":1,"name":"Accueil","item":"https:\/\/cedipack.fr\/es\/"},{"@type":"ListItem","position":2,"name":"M\u00e1quinas","item":"https:\/\/cedipack.fr\/es\/maquinas\/"},{"@type":"ListItem","position":3,"name":"Sopladoras","item":"https:\/\/cedipack.fr\/es\/maquinas\/sopladoras\/"},{"@type":"ListItem","position":4,"name":"Sopladoras de PET"}]},{"@type":"WebSite","@id":"https:\/\/cedipack.fr\/es\/#website","url":"https:\/\/cedipack.fr\/es\/","name":"Cedipack","description":"Machines de Fabrication &amp; Conditionnement de bouteilles plastique","potentialAction":[{"@type":"SearchAction","target":{"@type":"EntryPoint","urlTemplate":"https:\/\/cedipack.fr\/es\/?s={search_term_string}"},"query-input":{"@type":"PropertyValueSpecification","valueRequired":true,"valueName":"search_term_string"}}],"inLanguage":"es"}]}},"_links":{"self":[{"href":"https:\/\/cedipack.fr\/es\/wp-json\/wp\/v2\/pages\/2632","targetHints":{"allow":["GET"]}}],"collection":[{"href":"https:\/\/cedipack.fr\/es\/wp-json\/wp\/v2\/pages"}],"about":[{"href":"https:\/\/cedipack.fr\/es\/wp-json\/wp\/v2\/types\/page"}],"author":[{"embeddable":true,"href":"https:\/\/cedipack.fr\/es\/wp-json\/wp\/v2\/users\/3"}],"replies":[{"embeddable":true,"href":"https:\/\/cedipack.fr\/es\/wp-json\/wp\/v2\/comments?post=2632"}],"version-history":[{"count":8,"href":"https:\/\/cedipack.fr\/es\/wp-json\/wp\/v2\/pages\/2632\/revisions"}],"predecessor-version":[{"id":3676,"href":"https:\/\/cedipack.fr\/es\/wp-json\/wp\/v2\/pages\/2632\/revisions\/3676"}],"up":[{"embeddable":true,"href":"https:\/\/cedipack.fr\/es\/wp-json\/wp\/v2\/pages\/2606"}],"wp:attachment":[{"href":"https:\/\/cedipack.fr\/es\/wp-json\/wp\/v2\/media?parent=2632"}],"curies":[{"name":"wp","href":"https:\/\/api.w.org\/{rel}","templated":true}]}}