{"id":2578,"date":"2022-02-22T10:24:42","date_gmt":"2022-02-22T10:24:42","guid":{"rendered":"https:\/\/cedipack.fr\/maquinas\/"},"modified":"2022-09-14T08:11:23","modified_gmt":"2022-09-14T08:11:23","slug":"maquinas","status":"publish","type":"page","link":"https:\/\/cedipack.fr\/es\/maquinas\/","title":{"rendered":"M\u00e1quinas"},"content":{"rendered":"","protected":false},"excerpt":{"rendered":"","protected":false},"author":3,"featured_media":0,"parent":0,"menu_order":0,"comment_status":"closed","ping_status":"closed","template":"","meta":{"_acf_changed":false,"_et_pb_use_builder":"","_et_pb_old_content":"","_et_gb_content_width":"","footnotes":""},"class_list":["post-2578","page","type-page","status-publish","hentry"],"acf":[],"yoast_head":"<!-- This site is optimized with the Yoast SEO plugin v26.1 - https:\/\/yoast.com\/wordpress\/plugins\/seo\/ -->\n<title>M\u00e1quinas - CEDIPACK Blow Moulding<\/title>\n<meta name=\"description\" content=\"Consulte los anuncios de las distintas m\u00e1quinas de extrusi\u00f3n-soplado disponibles en nuestro parque de m\u00e1quinas y listas para su uso.\" \/>\n<meta name=\"robots\" content=\"index, follow, max-snippet:-1, max-image-preview:large, max-video-preview:-1\" \/>\n<link rel=\"canonical\" href=\"https:\/\/cedipack.fr\/es\/maquinas\/\" \/>\n<meta property=\"og:locale\" content=\"es_ES\" \/>\n<meta property=\"og:type\" content=\"article\" \/>\n<meta property=\"og:title\" content=\"M\u00e1quinas - CEDIPACK Blow Moulding\" \/>\n<meta property=\"og:description\" content=\"Consulte los anuncios de las distintas m\u00e1quinas de extrusi\u00f3n-soplado disponibles en nuestro parque de m\u00e1quinas y listas para su uso.\" \/>\n<meta property=\"og:url\" content=\"https:\/\/cedipack.fr\/es\/maquinas\/\" \/>\n<meta property=\"og:site_name\" content=\"Cedipack\" \/>\n<meta property=\"article:modified_time\" content=\"2022-09-14T08:11:23+00:00\" \/>\n<meta name=\"twitter:card\" content=\"summary_large_image\" \/>\n<script type=\"application\/ld+json\" class=\"yoast-schema-graph\">{\"@context\":\"https:\/\/schema.org\",\"@graph\":[{\"@type\":\"WebPage\",\"@id\":\"https:\/\/cedipack.fr\/es\/maquinas\/\",\"url\":\"https:\/\/cedipack.fr\/es\/maquinas\/\",\"name\":\"M\u00e1quinas - CEDIPACK Blow Moulding\",\"isPartOf\":{\"@id\":\"https:\/\/cedipack.fr\/es\/#website\"},\"datePublished\":\"2022-02-22T10:24:42+00:00\",\"dateModified\":\"2022-09-14T08:11:23+00:00\",\"description\":\"Consulte los anuncios de las distintas m\u00e1quinas de extrusi\u00f3n-soplado disponibles en nuestro parque de m\u00e1quinas y listas para su uso.\",\"breadcrumb\":{\"@id\":\"https:\/\/cedipack.fr\/es\/maquinas\/#breadcrumb\"},\"inLanguage\":\"es\",\"potentialAction\":[{\"@type\":\"ReadAction\",\"target\":[\"https:\/\/cedipack.fr\/es\/maquinas\/\"]}]},{\"@type\":\"BreadcrumbList\",\"@id\":\"https:\/\/cedipack.fr\/es\/maquinas\/#breadcrumb\",\"itemListElement\":[{\"@type\":\"ListItem\",\"position\":1,\"name\":\"Accueil\",\"item\":\"https:\/\/cedipack.fr\/es\/\"},{\"@type\":\"ListItem\",\"position\":2,\"name\":\"M\u00e1quinas\"}]},{\"@type\":\"WebSite\",\"@id\":\"https:\/\/cedipack.fr\/es\/#website\",\"url\":\"https:\/\/cedipack.fr\/es\/\",\"name\":\"Cedipack\",\"description\":\"Machines de Fabrication &amp; Conditionnement de bouteilles plastique\",\"potentialAction\":[{\"@type\":\"SearchAction\",\"target\":{\"@type\":\"EntryPoint\",\"urlTemplate\":\"https:\/\/cedipack.fr\/es\/?s={search_term_string}\"},\"query-input\":{\"@type\":\"PropertyValueSpecification\",\"valueRequired\":true,\"valueName\":\"search_term_string\"}}],\"inLanguage\":\"es\"}]}<\/script>\n<!-- \/ Yoast SEO plugin. -->","yoast_head_json":{"title":"M\u00e1quinas - CEDIPACK Blow Moulding","description":"Consulte los anuncios de las distintas m\u00e1quinas de extrusi\u00f3n-soplado disponibles en nuestro parque de m\u00e1quinas y listas para su uso.","robots":{"index":"index","follow":"follow","max-snippet":"max-snippet:-1","max-image-preview":"max-image-preview:large","max-video-preview":"max-video-preview:-1"},"canonical":"https:\/\/cedipack.fr\/es\/maquinas\/","og_locale":"es_ES","og_type":"article","og_title":"M\u00e1quinas - CEDIPACK Blow Moulding","og_description":"Consulte los anuncios de las distintas m\u00e1quinas de extrusi\u00f3n-soplado disponibles en nuestro parque de m\u00e1quinas y listas para su uso.","og_url":"https:\/\/cedipack.fr\/es\/maquinas\/","og_site_name":"Cedipack","article_modified_time":"2022-09-14T08:11:23+00:00","twitter_card":"summary_large_image","schema":{"@context":"https:\/\/schema.org","@graph":[{"@type":"WebPage","@id":"https:\/\/cedipack.fr\/es\/maquinas\/","url":"https:\/\/cedipack.fr\/es\/maquinas\/","name":"M\u00e1quinas - CEDIPACK Blow Moulding","isPartOf":{"@id":"https:\/\/cedipack.fr\/es\/#website"},"datePublished":"2022-02-22T10:24:42+00:00","dateModified":"2022-09-14T08:11:23+00:00","description":"Consulte los anuncios de las distintas m\u00e1quinas de extrusi\u00f3n-soplado disponibles en nuestro parque de m\u00e1quinas y listas para su uso.","breadcrumb":{"@id":"https:\/\/cedipack.fr\/es\/maquinas\/#breadcrumb"},"inLanguage":"es","potentialAction":[{"@type":"ReadAction","target":["https:\/\/cedipack.fr\/es\/maquinas\/"]}]},{"@type":"BreadcrumbList","@id":"https:\/\/cedipack.fr\/es\/maquinas\/#breadcrumb","itemListElement":[{"@type":"ListItem","position":1,"name":"Accueil","item":"https:\/\/cedipack.fr\/es\/"},{"@type":"ListItem","position":2,"name":"M\u00e1quinas"}]},{"@type":"WebSite","@id":"https:\/\/cedipack.fr\/es\/#website","url":"https:\/\/cedipack.fr\/es\/","name":"Cedipack","description":"Machines de Fabrication &amp; Conditionnement de bouteilles plastique","potentialAction":[{"@type":"SearchAction","target":{"@type":"EntryPoint","urlTemplate":"https:\/\/cedipack.fr\/es\/?s={search_term_string}"},"query-input":{"@type":"PropertyValueSpecification","valueRequired":true,"valueName":"search_term_string"}}],"inLanguage":"es"}]}},"_links":{"self":[{"href":"https:\/\/cedipack.fr\/es\/wp-json\/wp\/v2\/pages\/2578","targetHints":{"allow":["GET"]}}],"collection":[{"href":"https:\/\/cedipack.fr\/es\/wp-json\/wp\/v2\/pages"}],"about":[{"href":"https:\/\/cedipack.fr\/es\/wp-json\/wp\/v2\/types\/page"}],"author":[{"embeddable":true,"href":"https:\/\/cedipack.fr\/es\/wp-json\/wp\/v2\/users\/3"}],"replies":[{"embeddable":true,"href":"https:\/\/cedipack.fr\/es\/wp-json\/wp\/v2\/comments?post=2578"}],"version-history":[{"count":1,"href":"https:\/\/cedipack.fr\/es\/wp-json\/wp\/v2\/pages\/2578\/revisions"}],"predecessor-version":[{"id":2640,"href":"https:\/\/cedipack.fr\/es\/wp-json\/wp\/v2\/pages\/2578\/revisions\/2640"}],"wp:attachment":[{"href":"https:\/\/cedipack.fr\/es\/wp-json\/wp\/v2\/media?parent=2578"}],"curies":[{"name":"wp","href":"https:\/\/api.w.org\/{rel}","templated":true}]}}