{"id":2570,"date":"2022-02-22T10:19:47","date_gmt":"2022-02-22T10:19:47","guid":{"rendered":"https:\/\/cedipack.fr\/aplicaciones\/piezas-tecnicas\/"},"modified":"2022-09-14T08:03:11","modified_gmt":"2022-09-14T08:03:11","slug":"piezas-tecnicas","status":"publish","type":"page","link":"https:\/\/cedipack.fr\/es\/aplicaciones\/piezas-tecnicas\/","title":{"rendered":"Piezas t\u00e9cnicas"},"content":{"rendered":"<p>[et_pb_section fb_built=\u00bb1&#8243; _builder_version=\u00bb4.10.8&#8243; _module_preset=\u00bbdefault\u00bb custom_padding=\u00bb30px||7px||false|false\u00bb saved_tabs=\u00bball\u00bb global_colors_info=\u00bb{}\u00bb][et_pb_row _builder_version=\u00bb4.10.8&#8243; _module_preset=\u00bbdefault\u00bb custom_padding=\u00bb0px||0px||false|false\u00bb global_colors_info=\u00bb{}\u00bb][et_pb_column type=\u00bb4_4&#8243; _builder_version=\u00bb4.10.8&#8243; _module_preset=\u00bbdefault\u00bb global_colors_info=\u00bb{}\u00bb][et_pb_text _builder_version=\u00bb4.10.8&#8243; _module_preset=\u00bbdefault\u00bb global_colors_info=\u00bb{}\u00bb]<span><span><a href=\"https:\/\/cedipack.fr\/es\/\">Accueil<\/a><\/span><\/span>[\/et_pb_text][\/et_pb_column][\/et_pb_row][\/et_pb_section][et_pb_section fb_built=\u00bb1&#8243; fullwidth=\u00bbon\u00bb _builder_version=\u00bb4.10.8&#8243; _module_preset=\u00bbdefault\u00bb global_colors_info=\u00bb{}\u00bb][et_pb_fullwidth_header title=\u00bbPiezas t\u00e9cnicas\u00bb header_image_url=\u00bbhttp:\/\/cedipack.fr\/wp-content\/uploads\/2021\/10\/Extrudeuse-souffleuse-BEKUM-Cedipack.jpg\u00bb _builder_version=\u00bb4.10.8&#8243; _module_preset=\u00bbdefault\u00bb title_font_size=\u00bb45px\u00bb content_font=\u00bb|300|||||||\u00bb content_font_size=\u00bb20px\u00bb global_colors_info=\u00bb{}\u00bb]<\/p>\n<p>Suministramos extrusoras-sopladoras reacondicionadas que permiten realizar desarrollos para proveedores automotrices (fabricaci\u00f3n de conductos de aire en PP cargados de vidrio).<\/p>\n<p>[\/et_pb_fullwidth_header][\/et_pb_section][et_pb_section fb_built=\u00bb1&#8243; admin_label=\u00bbsection\u00bb _builder_version=\u00bb3.22&#8243; global_colors_info=\u00bb{}\u00bb][et_pb_row column_structure=\u00bb1_2,1_2&#8243; _builder_version=\u00bb4.10.8&#8243; _module_preset=\u00bbdefault\u00bb width=\u00bb76.5%\u00bb global_colors_info=\u00bb{}\u00bb][et_pb_column type=\u00bb1_2&#8243; _builder_version=\u00bb4.10.8&#8243; _module_preset=\u00bbdefault\u00bb global_colors_info=\u00bb{}\u00bb][et_pb_text _builder_version=\u00bb4.10.8&#8243; _module_preset=\u00bbdefault\u00bb global_colors_info=\u00bb{}\u00bb]<\/p>\n<p>Nuestras m\u00e1quinas, equipadas con tecnolog\u00edas muy avanzadas, permiten producir tanto prototipos como piezas en serie.<\/p>\n<p>Al instalar los moldes en las m\u00e1quinas, realizamos varias pruebas en condiciones severas para determinar los l\u00edmites t\u00e9cnicos de las m\u00e1quinas.<\/p>\n<p>De acuerdo con las especificaciones, podemos modificar y configurar las m\u00e1quinas para cumplir con los requisitos del cliente.<\/p>\n<p>[\/et_pb_text][\/et_pb_column][et_pb_column type=\u00bb1_2&#8243; _builder_version=\u00bb4.10.8&#8243; _module_preset=\u00bbdefault\u00bb global_colors_info=\u00bb{}\u00bb][et_pb_image src=\u00bbhttps:\/\/cedipack.fr\/wp-content\/uploads\/2021\/10\/Piece-techniques-Cedipack.jpg\u00bb title_text=\u00bbPiezas t\u00e9cnicas Cedipack\u00bb _builder_version=\u00bb4.10.8&#8243; _module_preset=\u00bbdefault\u00bb transform_scale=\u00bb152%|152%\u00bb transform_translate=\u00bb116px|25px\u00bb box_shadow_style=\u00bbpreset2&#8243; global_colors_info=\u00bb{}\u00bb][\/et_pb_image][\/et_pb_column][\/et_pb_row][et_pb_row _builder_version=\u00bb4.10.8&#8243; _module_preset=\u00bbdefault\u00bb global_colors_info=\u00bb{}\u00bb][et_pb_column type=\u00bb4_4&#8243; _builder_version=\u00bb4.10.8&#8243; _module_preset=\u00bbdefault\u00bb global_colors_info=\u00bb{}\u00bb][et_pb_text _builder_version=\u00bb4.10.8&#8243; _module_preset=\u00bbdefault\u00bb global_colors_info=\u00bb{}\u00bb]<\/p>\n<h2>Deseo obtener m\u00e1s informaci\u00f3n<\/h2>\n<script type=\"text\/javascript\">\n\/* <![CDATA[ *\/\nvar gform;gform||(document.addEventListener(\"gform_main_scripts_loaded\",function(){gform.scriptsLoaded=!0}),document.addEventListener(\"gform\/theme\/scripts_loaded\",function(){gform.themeScriptsLoaded=!0}),window.addEventListener(\"DOMContentLoaded\",function(){gform.domLoaded=!0}),gform={domLoaded:!1,scriptsLoaded:!1,themeScriptsLoaded:!1,isFormEditor:()=>\"function\"==typeof InitializeEditor,callIfLoaded:function(o){return!(!gform.domLoaded||!gform.scriptsLoaded||!gform.themeScriptsLoaded&&!gform.isFormEditor()||(gform.isFormEditor()&&console.warn(\"The use of gform.initializeOnLoaded() is deprecated in the form editor context and will be removed in Gravity Forms 3.1.\"),o(),0))},initializeOnLoaded:function(o){gform.callIfLoaded(o)||(document.addEventListener(\"gform_main_scripts_loaded\",()=>{gform.scriptsLoaded=!0,gform.callIfLoaded(o)}),document.addEventListener(\"gform\/theme\/scripts_loaded\",()=>{gform.themeScriptsLoaded=!0,gform.callIfLoaded(o)}),window.addEventListener(\"DOMContentLoaded\",()=>{gform.domLoaded=!0,gform.callIfLoaded(o)}))},hooks:{action:{},filter:{}},addAction:function(o,r,e,t){gform.addHook(\"action\",o,r,e,t)},addFilter:function(o,r,e,t){gform.addHook(\"filter\",o,r,e,t)},doAction:function(o){gform.doHook(\"action\",o,arguments)},applyFilters:function(o){return gform.doHook(\"filter\",o,arguments)},removeAction:function(o,r){gform.removeHook(\"action\",o,r)},removeFilter:function(o,r,e){gform.removeHook(\"filter\",o,r,e)},addHook:function(o,r,e,t,n){null==gform.hooks[o][r]&&(gform.hooks[o][r]=[]);var d=gform.hooks[o][r];null==n&&(n=r+\"_\"+d.length),gform.hooks[o][r].push({tag:n,callable:e,priority:t=null==t?10:t})},doHook:function(r,o,e){var t;if(e=Array.prototype.slice.call(e,1),null!=gform.hooks[r][o]&&((o=gform.hooks[r][o]).sort(function(o,r){return o.priority-r.priority}),o.forEach(function(o){\"function\"!=typeof(t=o.callable)&&(t=window[t]),\"action\"==r?t.apply(null,e):e[0]=t.apply(null,e)})),\"filter\"==r)return e[0]},removeHook:function(o,r,t,n){var e;null!=gform.hooks[o][r]&&(e=(e=gform.hooks[o][r]).filter(function(o,r,e){return!!(null!=n&&n!=o.tag||null!=t&&t!=o.priority)}),gform.hooks[o][r]=e)}});\n\/* ]]> *\/\n<\/script>\n\n                <div class='gf_browser_gecko gform_wrapper gravity-theme gform-theme--no-framework FormListeProduit_wrapper' data-form-theme='gravity-theme' data-form-index='0' id='gform_wrapper_3' ><div id='gf_3' class='gform_anchor' tabindex='-1'><\/div><form method='post' enctype='multipart\/form-data'  id='gform_3' class='FormListeProduit' action='\/es\/wp-json\/wp\/v2\/pages\/2570#gf_3' data-formid='3' novalidate>\n                        <div class='gform-body gform_body'><div id='gform_fields_3' class='gform_fields top_label form_sublabel_below description_below validation_below'><div id=\"field_3_11\" class=\"gfield gfield--type-honeypot gform_validation_container field_sublabel_below gfield--has-description field_description_below field_validation_below gfield_visibility_visible\"  ><label class='gfield_label gform-field-label' for='input_3_11'>Instagram<\/label><div class='ginput_container'><input name='input_11' id='input_3_11' type='text' value='' autocomplete='new-password'\/><\/div><div class='gfield_description' id='gfield_description_3_11'>Este campo es un campo de validaci\u00f3n y debe quedar sin cambios.<\/div><\/div><div id=\"field_3_8\" class=\"gfield gfield--type-text gfield--width-half gfield_contains_required field_sublabel_below gfield--no-description field_description_below hidden_label field_validation_below gfield_visibility_visible\"  ><label class='gfield_label gform-field-label' for='input_3_8'>First &amp; Last name<span class=\"gfield_required\"><span class=\"gfield_required gfield_required_text\">(Obligatorio)<\/span><\/span><\/label><div class='ginput_container ginput_container_text'><input name='input_8' id='input_3_8' type='text' value='' class='large'    placeholder='First &amp; Last name' aria-required=\"true\" aria-invalid=\"false\"   \/><\/div><\/div><div id=\"field_3_10\" class=\"gfield gfield--type-email gfield--width-half gfield_contains_required field_sublabel_below gfield--no-description field_description_below hidden_label field_validation_below gfield_visibility_visible\"  ><label class='gfield_label gform-field-label' for='input_3_10'>Company<span class=\"gfield_required\"><span class=\"gfield_required gfield_required_text\">(Obligatorio)<\/span><\/span><\/label><div class='ginput_container ginput_container_email'>\n                            <input name='input_10' id='input_3_10' type='email' value='' class='large'   placeholder='Company' aria-required=\"true\" aria-invalid=\"false\"  \/>\n                        <\/div><\/div><div id=\"field_3_4\" class=\"gfield gfield--type-email gfield--width-half field_sublabel_below gfield--no-description field_description_below hidden_label field_validation_below gfield_visibility_visible\"  ><label class='gfield_label gform-field-label' for='input_3_4'>E-mail address<\/label><div class='ginput_container ginput_container_email'>\n                            <input name='input_4' id='input_3_4' type='email' value='' class='large'   placeholder='E-mail address'  aria-invalid=\"false\"  \/>\n                        <\/div><\/div><div id=\"field_3_9\" class=\"gfield gfield--type-email gfield--width-half gfield_contains_required field_sublabel_below gfield--no-description field_description_below hidden_label field_validation_below gfield_visibility_visible\"  ><label class='gfield_label gform-field-label' for='input_3_9'>NumberNumber<span class=\"gfield_required\"><span class=\"gfield_required gfield_required_text\">(Obligatorio)<\/span><\/span><\/label><div class='ginput_container ginput_container_email'>\n                            <input name='input_9' id='input_3_9' type='email' value='' class='large'   placeholder='Number' aria-required=\"true\" aria-invalid=\"false\"  \/>\n                        <\/div><\/div><div id=\"field_3_5\" class=\"gfield gfield--type-textarea gfield--width-full field_sublabel_below gfield--no-description field_description_below hidden_label field_validation_below gfield_visibility_visible\"  ><label class='gfield_label gform-field-label' for='input_3_5'>Your message<\/label><div class='ginput_container ginput_container_textarea'><textarea name='input_5' id='input_3_5' class='textarea medium'    placeholder='Your message'  aria-invalid=\"false\"   rows='10' cols='50'><\/textarea><\/div><\/div><fieldset id=\"field_3_6\" class=\"gfield gfield--type-consent gfield--type-choice gfield--input-type-consent gfield--width-full gfield_contains_required field_sublabel_below gfield--has-description field_description_below field_validation_below gfield_visibility_visible\"  ><legend class='gfield_label gform-field-label gfield_label_before_complex' >GDPR<span class=\"gfield_required\"><span class=\"gfield_required gfield_required_text\">(Obligatorio)<\/span><\/span><\/legend><div class='ginput_container ginput_container_consent'><input name='input_6.1' id='input_3_6_1' type='checkbox' value='1'  aria-describedby=\"gfield_consent_description_3_6\" aria-required=\"true\" aria-invalid=\"false\"   \/> <label class=\"gform-field-label gform-field-label--type-inline gfield_consent_label\" for='input_3_6_1' >I agree with confidentiality policy<\/label><input type='hidden' name='input_6.2' value='I agree with confidentiality policy' class='gform_hidden' \/><input type='hidden' name='input_6.3' value='9' class='gform_hidden' \/><\/div><div class='gfield_description gfield_consent_description' id='gfield_consent_description_3_6' tabindex='0'>In accordance with the European General Data Protection Regulation (GDPR), I agree that the information I have just provided on this form may be stored in Cedipack's customer database. This data will not be passed on to third parties, either for a fee or free of charge.<\/div><\/fieldset><div id=\"field_3_7\" class=\"gfield gfield--type-captcha gfield--width-full field_sublabel_below gfield--no-description field_description_below hidden_label field_validation_below gfield_visibility_visible\"  ><label class='gfield_label gform-field-label' for='input_3_7'>CAPTCHA<\/label><div id='input_3_7' class='ginput_container ginput_recaptcha' data-sitekey='6LfjlTYdAAAAACaEvP3iqJhy1sDJAZIc9lDucM5V'  data-theme='light' data-tabindex='0'  data-badge=''><\/div><\/div><\/div><\/div>\n        <div class='gform-footer gform_footer top_label'> <input type='submit' id='gform_submit_button_3' class='gform_button button' onclick='gform.submission.handleButtonClick(this);' data-submission-type='submit' value='Validate'  \/> \n            <input type='hidden' class='gform_hidden' name='gform_submission_method' data-js='gform_submission_method_3' value='postback' \/>\n            <input type='hidden' class='gform_hidden' name='gform_theme' data-js='gform_theme_3' id='gform_theme_3' value='gravity-theme' \/>\n            <input type='hidden' class='gform_hidden' name='gform_style_settings' data-js='gform_style_settings_3' id='gform_style_settings_3' value='[]' \/>\n            <input type='hidden' class='gform_hidden' name='is_submit_3' value='1' \/>\n            <input type='hidden' class='gform_hidden' name='gform_submit' value='3' \/>\n            \n            <input type='hidden' class='gform_hidden' name='gform_unique_id' value='' \/>\n            <input type='hidden' class='gform_hidden' name='state_3' value='WyJ7XCI2LjFcIjpcImIwNDgwMWQ3ZWY4MjFkYmQ0NDUyMzNmMDAwNTFlNTE0XCIsXCI2LjJcIjpcIjU4OTNhM2Y0ZWJlMGExNzBiNDdjOGNkZDVlZDA4NWY4XCIsXCI2LjNcIjpcIjdhZjVlMmRlZjc4MjRiZTRlMzQzMGY1N2Y4NjMyMWE3XCJ9IiwiMWM3ZmVjNTAxOGM1YjJiYWU3MjE0ZGM4NDk4YzA4MmEiXQ==' \/>\n            <input type='hidden' autocomplete='off' class='gform_hidden' name='gform_target_page_number_3' id='gform_target_page_number_3' value='0' \/>\n            <input type='hidden' autocomplete='off' class='gform_hidden' name='gform_source_page_number_3' id='gform_source_page_number_3' value='1' \/>\n            <input type='hidden' name='gform_field_values' value='' \/>\n            \n        <\/div>\n                        <\/form>\n                        <\/div><script type=\"text\/javascript\">\n\/* <![CDATA[ *\/\n gform.initializeOnLoaded( function() {gformInitSpinner( 3, 'https:\/\/cedipack.fr\/wp-content\/plugins\/gravityforms\/images\/spinner.svg', true );jQuery('#gform_ajax_frame_3').on('load',function(){var contents = jQuery(this).contents().find('*').html();var is_postback = contents.indexOf('GF_AJAX_POSTBACK') >= 0;if(!is_postback){return;}var form_content = jQuery(this).contents().find('#gform_wrapper_3');var is_confirmation = jQuery(this).contents().find('#gform_confirmation_wrapper_3').length > 0;var is_redirect = contents.indexOf('gformRedirect(){') >= 0;var is_form = form_content.length > 0 && ! is_redirect && ! is_confirmation;var mt = parseInt(jQuery('html').css('margin-top'), 10) + parseInt(jQuery('body').css('margin-top'), 10) + 100;if(is_form){jQuery('#gform_wrapper_3').html(form_content.html());if(form_content.hasClass('gform_validation_error')){jQuery('#gform_wrapper_3').addClass('gform_validation_error');} else {jQuery('#gform_wrapper_3').removeClass('gform_validation_error');}setTimeout( function() { \/* delay the scroll by 50 milliseconds to fix a bug in chrome *\/ jQuery(document).scrollTop(jQuery('#gform_wrapper_3').offset().top - mt); }, 50 );if(window['gformInitDatepicker']) {gformInitDatepicker();}if(window['gformInitPriceFields']) {gformInitPriceFields();}var current_page = jQuery('#gform_source_page_number_3').val();gformInitSpinner( 3, 'https:\/\/cedipack.fr\/wp-content\/plugins\/gravityforms\/images\/spinner.svg', true );jQuery(document).trigger('gform_page_loaded', [3, current_page]);window['gf_submitting_3'] = false;}else if(!is_redirect){var confirmation_content = jQuery(this).contents().find('.GF_AJAX_POSTBACK').html();if(!confirmation_content){confirmation_content = contents;}jQuery('#gform_wrapper_3').replaceWith(confirmation_content);jQuery(document).scrollTop(jQuery('#gf_3').offset().top - mt);jQuery(document).trigger('gform_confirmation_loaded', [3]);window['gf_submitting_3'] = false;wp.a11y.speak(jQuery('#gform_confirmation_message_3').text());}else{jQuery('#gform_3').append(contents);if(window['gformRedirect']) {gformRedirect();}}jQuery(document).trigger(\"gform_pre_post_render\", [{ formId: \"3\", currentPage: \"current_page\", abort: function() { this.preventDefault(); } }]);        if (event && event.defaultPrevented) {                return;        }        const gformWrapperDiv = document.getElementById( \"gform_wrapper_3\" );        if ( gformWrapperDiv ) {            const visibilitySpan = document.createElement( \"span\" );            visibilitySpan.id = \"gform_visibility_test_3\";            gformWrapperDiv.insertAdjacentElement( \"afterend\", visibilitySpan );        }        const visibilityTestDiv = document.getElementById( \"gform_visibility_test_3\" );        let postRenderFired = false;        function triggerPostRender() {            if ( postRenderFired ) {                return;            }            postRenderFired = true;            gform.core.triggerPostRenderEvents( 3, current_page );            if ( visibilityTestDiv ) {                visibilityTestDiv.parentNode.removeChild( visibilityTestDiv );            }        }        function debounce( func, wait, immediate ) {            var timeout;            return function() {                var context = this, args = arguments;                var later = function() {                    timeout = null;                    if ( !immediate ) func.apply( context, args );                };                var callNow = immediate && !timeout;                clearTimeout( timeout );                timeout = setTimeout( later, wait );                if ( callNow ) func.apply( context, args );            };        }        const debouncedTriggerPostRender = debounce( function() {            triggerPostRender();        }, 200 );        if ( visibilityTestDiv && visibilityTestDiv.offsetParent === null ) {            const observer = new MutationObserver( ( mutations ) => {                mutations.forEach( ( mutation ) => {                    if ( mutation.type === 'attributes' && visibilityTestDiv.offsetParent !== null ) {                        debouncedTriggerPostRender();                        observer.disconnect();                    }                });            });            observer.observe( document.body, {                attributes: true,                childList: false,                subtree: true,                attributeFilter: [ 'style', 'class' ],            });        } else {            triggerPostRender();        }    } );} ); \n\/* ]]> *\/\n<\/script>\n\n<p>[\/et_pb_text][\/et_pb_column][\/et_pb_row][\/et_pb_section]<\/p>\n","protected":false},"excerpt":{"rendered":"<p><span><span><a href=\"https:\/\/cedipack.fr\/es\/\">Accueil<\/a><\/span><\/span>Suministramos extrusoras-sopladoras reacondicionadas que permiten realizar desarrollos para proveedores automotrices (fabricaci\u00f3n de conductos de aire en PP cargados de vidrio).Nuestras m\u00e1quinas, equipadas con tecnolog\u00edas muy avanzadas, permiten producir tanto prototipos como piezas en serie. Al instalar los moldes en las m\u00e1quinas, realizamos varias pruebas en condiciones severas para determinar los l\u00edmites t\u00e9cnicos de las m\u00e1quinas. [&hellip;]<\/p>\n","protected":false},"author":3,"featured_media":0,"parent":2561,"menu_order":50,"comment_status":"closed","ping_status":"closed","template":"","meta":{"_acf_changed":false,"_et_pb_use_builder":"on","_et_pb_old_content":"","_et_gb_content_width":"","footnotes":""},"class_list":["post-2570","page","type-page","status-publish","hentry"],"acf":[],"yoast_head":"<!-- This site is optimized with the Yoast SEO plugin v26.1 - https:\/\/yoast.com\/wordpress\/plugins\/seo\/ -->\n<title>Piezas t\u00e9cnicas - CEDIPACK Blow Molding<\/title>\n<meta name=\"description\" content=\"Tenemos los conocimientos necesarios para responder a todo tipo de proyectos piloto en cuanto a las partes t\u00e9cnicas.\" \/>\n<meta name=\"robots\" content=\"index, follow, max-snippet:-1, max-image-preview:large, max-video-preview:-1\" \/>\n<link rel=\"canonical\" href=\"https:\/\/cedipack.fr\/es\/aplicaciones\/piezas-tecnicas\/\" \/>\n<meta property=\"og:locale\" content=\"es_ES\" \/>\n<meta property=\"og:type\" content=\"article\" \/>\n<meta property=\"og:title\" content=\"Piezas t\u00e9cnicas - CEDIPACK Blow Molding\" \/>\n<meta property=\"og:description\" content=\"Tenemos los conocimientos necesarios para responder a todo tipo de proyectos piloto en cuanto a las partes t\u00e9cnicas.\" \/>\n<meta property=\"og:url\" content=\"https:\/\/cedipack.fr\/es\/aplicaciones\/piezas-tecnicas\/\" \/>\n<meta property=\"og:site_name\" content=\"Cedipack\" \/>\n<meta property=\"article:modified_time\" content=\"2022-09-14T08:03:11+00:00\" \/>\n<meta name=\"twitter:card\" content=\"summary_large_image\" \/>\n<meta name=\"twitter:label1\" content=\"Tiempo de lectura\" \/>\n\t<meta name=\"twitter:data1\" content=\"2 minutos\" \/>\n<script type=\"application\/ld+json\" class=\"yoast-schema-graph\">{\"@context\":\"https:\/\/schema.org\",\"@graph\":[{\"@type\":\"WebPage\",\"@id\":\"https:\/\/cedipack.fr\/es\/aplicaciones\/piezas-tecnicas\/\",\"url\":\"https:\/\/cedipack.fr\/es\/aplicaciones\/piezas-tecnicas\/\",\"name\":\"Piezas t\u00e9cnicas - CEDIPACK Blow Molding\",\"isPartOf\":{\"@id\":\"https:\/\/cedipack.fr\/es\/#website\"},\"datePublished\":\"2022-02-22T10:19:47+00:00\",\"dateModified\":\"2022-09-14T08:03:11+00:00\",\"description\":\"Tenemos los conocimientos necesarios para responder a todo tipo de proyectos piloto en cuanto a las partes t\u00e9cnicas.\",\"breadcrumb\":{\"@id\":\"https:\/\/cedipack.fr\/es\/aplicaciones\/piezas-tecnicas\/#breadcrumb\"},\"inLanguage\":\"es\",\"potentialAction\":[{\"@type\":\"ReadAction\",\"target\":[\"https:\/\/cedipack.fr\/es\/aplicaciones\/piezas-tecnicas\/\"]}]},{\"@type\":\"BreadcrumbList\",\"@id\":\"https:\/\/cedipack.fr\/es\/aplicaciones\/piezas-tecnicas\/#breadcrumb\",\"itemListElement\":[{\"@type\":\"ListItem\",\"position\":1,\"name\":\"Accueil\",\"item\":\"https:\/\/cedipack.fr\/es\/\"},{\"@type\":\"ListItem\",\"position\":2,\"name\":\"Aplicaciones\",\"item\":\"https:\/\/cedipack.fr\/es\/aplicaciones\/\"},{\"@type\":\"ListItem\",\"position\":3,\"name\":\"Piezas t\u00e9cnicas\"}]},{\"@type\":\"WebSite\",\"@id\":\"https:\/\/cedipack.fr\/es\/#website\",\"url\":\"https:\/\/cedipack.fr\/es\/\",\"name\":\"Cedipack\",\"description\":\"Machines de Fabrication &amp; Conditionnement de bouteilles plastique\",\"potentialAction\":[{\"@type\":\"SearchAction\",\"target\":{\"@type\":\"EntryPoint\",\"urlTemplate\":\"https:\/\/cedipack.fr\/es\/?s={search_term_string}\"},\"query-input\":{\"@type\":\"PropertyValueSpecification\",\"valueRequired\":true,\"valueName\":\"search_term_string\"}}],\"inLanguage\":\"es\"}]}<\/script>\n<!-- \/ Yoast SEO plugin. -->","yoast_head_json":{"title":"Piezas t\u00e9cnicas - CEDIPACK Blow Molding","description":"Tenemos los conocimientos necesarios para responder a todo tipo de proyectos piloto en cuanto a las partes t\u00e9cnicas.","robots":{"index":"index","follow":"follow","max-snippet":"max-snippet:-1","max-image-preview":"max-image-preview:large","max-video-preview":"max-video-preview:-1"},"canonical":"https:\/\/cedipack.fr\/es\/aplicaciones\/piezas-tecnicas\/","og_locale":"es_ES","og_type":"article","og_title":"Piezas t\u00e9cnicas - CEDIPACK Blow Molding","og_description":"Tenemos los conocimientos necesarios para responder a todo tipo de proyectos piloto en cuanto a las partes t\u00e9cnicas.","og_url":"https:\/\/cedipack.fr\/es\/aplicaciones\/piezas-tecnicas\/","og_site_name":"Cedipack","article_modified_time":"2022-09-14T08:03:11+00:00","twitter_card":"summary_large_image","twitter_misc":{"Tiempo de lectura":"2 minutos"},"schema":{"@context":"https:\/\/schema.org","@graph":[{"@type":"WebPage","@id":"https:\/\/cedipack.fr\/es\/aplicaciones\/piezas-tecnicas\/","url":"https:\/\/cedipack.fr\/es\/aplicaciones\/piezas-tecnicas\/","name":"Piezas t\u00e9cnicas - CEDIPACK Blow Molding","isPartOf":{"@id":"https:\/\/cedipack.fr\/es\/#website"},"datePublished":"2022-02-22T10:19:47+00:00","dateModified":"2022-09-14T08:03:11+00:00","description":"Tenemos los conocimientos necesarios para responder a todo tipo de proyectos piloto en cuanto a las partes t\u00e9cnicas.","breadcrumb":{"@id":"https:\/\/cedipack.fr\/es\/aplicaciones\/piezas-tecnicas\/#breadcrumb"},"inLanguage":"es","potentialAction":[{"@type":"ReadAction","target":["https:\/\/cedipack.fr\/es\/aplicaciones\/piezas-tecnicas\/"]}]},{"@type":"BreadcrumbList","@id":"https:\/\/cedipack.fr\/es\/aplicaciones\/piezas-tecnicas\/#breadcrumb","itemListElement":[{"@type":"ListItem","position":1,"name":"Accueil","item":"https:\/\/cedipack.fr\/es\/"},{"@type":"ListItem","position":2,"name":"Aplicaciones","item":"https:\/\/cedipack.fr\/es\/aplicaciones\/"},{"@type":"ListItem","position":3,"name":"Piezas t\u00e9cnicas"}]},{"@type":"WebSite","@id":"https:\/\/cedipack.fr\/es\/#website","url":"https:\/\/cedipack.fr\/es\/","name":"Cedipack","description":"Machines de Fabrication &amp; Conditionnement de bouteilles plastique","potentialAction":[{"@type":"SearchAction","target":{"@type":"EntryPoint","urlTemplate":"https:\/\/cedipack.fr\/es\/?s={search_term_string}"},"query-input":{"@type":"PropertyValueSpecification","valueRequired":true,"valueName":"search_term_string"}}],"inLanguage":"es"}]}},"_links":{"self":[{"href":"https:\/\/cedipack.fr\/es\/wp-json\/wp\/v2\/pages\/2570","targetHints":{"allow":["GET"]}}],"collection":[{"href":"https:\/\/cedipack.fr\/es\/wp-json\/wp\/v2\/pages"}],"about":[{"href":"https:\/\/cedipack.fr\/es\/wp-json\/wp\/v2\/types\/page"}],"author":[{"embeddable":true,"href":"https:\/\/cedipack.fr\/es\/wp-json\/wp\/v2\/users\/3"}],"replies":[{"embeddable":true,"href":"https:\/\/cedipack.fr\/es\/wp-json\/wp\/v2\/comments?post=2570"}],"version-history":[{"count":12,"href":"https:\/\/cedipack.fr\/es\/wp-json\/wp\/v2\/pages\/2570\/revisions"}],"predecessor-version":[{"id":3651,"href":"https:\/\/cedipack.fr\/es\/wp-json\/wp\/v2\/pages\/2570\/revisions\/3651"}],"up":[{"embeddable":true,"href":"https:\/\/cedipack.fr\/es\/wp-json\/wp\/v2\/pages\/2561"}],"wp:attachment":[{"href":"https:\/\/cedipack.fr\/es\/wp-json\/wp\/v2\/media?parent=2570"}],"curies":[{"name":"wp","href":"https:\/\/api.w.org\/{rel}","templated":true}]}}