{"id":2947,"date":"2022-03-03T15:26:49","date_gmt":"2022-03-03T15:26:49","guid":{"rendered":"https:\/\/cedipack.fr\/privacy-policy\/"},"modified":"2022-03-03T15:26:51","modified_gmt":"2022-03-03T15:26:51","slug":"privacy-policy","status":"publish","type":"page","link":"https:\/\/cedipack.fr\/en\/privacy-policy\/","title":{"rendered":"Privacy policy"},"content":{"rendered":"<p>[et_pb_section admin_label=&#8221;section&#8221;]<br \/>\n\t\t\t[et_pb_row admin_label=&#8221;Colonne&#8221;]<br \/>\n\t\t\t\t[et_pb_column type=&#8221;4_4&#8243;][et_pb_text admin_label=&#8221;Text&#8221;]<\/p>\n&#13;\n<h2 class=\"wp-block-heading\">Introduction<\/h2>&#13;\n&#13;\n<p>In the course of its activity, CEDIPACK, head office at 6, chemin de Branchy (74600 ANNECY, France), matriculated on the ANNECY register of commerce and companies, collects and processes personal data in full compliance with applicable regulations, namely the French Data Protection Act no. 78-17 of 6 January 1978 amended, and the European General Data Protection Regulation of 27 April 2016 taking effect on 25 May 2018.<br\/>CEDIPACK is committed to respecting the privacy of your personal data and processing them with all necessary precautions.<br\/>This privacy policy defines and informs you of how CEDIPACK uses and protects data you provide, where applicable when using this website available at https:\/\/cedipack.fr.<br\/>By visiting the site and using the services of the CEDIPACK website, you automatically accept this privacy policy.<br\/>The personal data we request are strictly essential to using our services.<\/p>&#13;\n&#13;\n<h2 class=\"wp-block-heading\">1 \u2013 Definition<\/h2>&#13;\n&#13;\n<p><strong>Cookies :<\/strong><br\/>Cookies are small data files placed on the USER&#8217;s computer or device when they visit certain websites. These data files store user data to remember preferences for later visits.<br\/>Personal data:<br\/>All information concerning a natural person, identified or potentially identified, directly or indirectly, by reference to an identification number or to one or more personal elements. An example is the USER&#8217;s email address.<\/p>&#13;\n<p><strong>Publisher:<\/strong><br\/>The legal or natural person publishing public communications online, namely for this website: CEDIPACK, 6 chemin de Branchy (74600 ANNECY, France), matriculated on the Annecy register of commerce and companies under the number B 350 489 092.<\/p>&#13;\n<p><strong>User:<\/strong><br\/>Person using the website, our services, or receiving services proposed by CEDIPACK.<br\/>Personal data processing:<br\/>All operations or any set of operations concerning such data, whatever the process applied (collection, storage, organisation, conservation, adaptation or modification, extraction, consultation, use, transmission, diffusion or any other form of delivery, reconciliation or interconnection, locking, erasure or destruction, etc.).<\/p>&#13;\n&#13;\n<h2 class=\"wp-block-heading\">2 \u2013 Data controller<\/h2>&#13;\n&#13;\n<p>The data controller responsible for processing the personal data referred to herein is represented by Dimitri LINARDOS of CEDIPACK, 6 chemin de Branchy (74600 Annecy, France), matriculated on the Annecy register of commerce and companies (RCS) under the number B 350 489 092.<\/p>&#13;\n&#13;\n<h2 class=\"wp-block-heading\">3 &#8211; Personal data collected<\/h2>&#13;\n&#13;\n<p>CEDIPACK hereby clearly informs you of the data processing it operates in the course of its activities, how the data are collected, used, and protected.<\/p>&#13;\n<p>The USER has the right to request the following of the Data Controller, i.e. Dimitri LINARDOS:<br\/>Access to personal data provided:<\/p>&#13;\n<p>Rectification or destruction of the data;<\/p>&#13;\n<ul><li>La rectification ou l\u2019effacement de celles-ci ;<\/li>&#13;\n<li>Une limitation du traitement relatif \u00e0 sa personne ;<\/li>&#13;\n<li>De s\u2019opposer au traitement ;<\/li>&#13;\n<li>\u00c0 la portabilit\u00e9 des donn\u00e9es ;<\/li>&#13;\n<li>D\u2019introduire une r\u00e9clamation aupr\u00e8s de la CNIL.<\/li>&#13;\n<\/ul><p>With the prior consent of the USER, when they use our media we maay gather and process any or part of the following information:<\/p>&#13;\n<ul><li>Nom, pr\u00e9nom ;<\/li>&#13;\n<li>Adresse e-mail ;<\/li>&#13;\n<li>Num\u00e9ro de t\u00e9l\u00e9phone ;<\/li>&#13;\n<li>Adresse postale ;<\/li>&#13;\n<li>Votre fonction ;<\/li>&#13;\n<li>Nom de votre site internet ;<\/li>&#13;\n<li>Autres\u2026<\/li>&#13;\n<\/ul><h3>3.1. Finalit\u00e9s des donn\u00e9es collect\u00e9es \u00e0 caract\u00e8re personnel, utilis\u00e9es et conserv\u00e9es<\/h3>&#13;\n<p>The purpose of processing is defined as the main objective of a personal data business application.<br\/>For CEDIPACK, these purposes are clear and listed below:<\/p>&#13;\n<ul><li>G\u00e9rer des clients, prospects, autres : une information, une documentation, un devis, une candidature \u00e0 un emploi, un contrat de partenariat ;<\/li>&#13;\n<li>Envoyer des e-mailings personnalis\u00e9s ;<\/li>&#13;\n<li>Fournir les informations ou les services que vous avez demand\u00e9s ;<\/li>&#13;\n<li>S\u2019abonner \u00e0 une liste pour recevoir par e-mail une newsletter ou une notification \u00e0 chaque fois qu\u2019un nouvel article de blog est cr\u00e9\u00e9 sur le site internet ;<\/li>&#13;\n<li>Formuler un commentaire suite \u00e0 la lecture d\u2019un article de blog ou d\u2019un commentaire sur un article de blog ;<\/li>&#13;\n<li>Recueillir des informations nous permettant d\u2019am\u00e9liorer notre site internet, nos produits et services (notamment par le biais de cookies) ;<\/li>&#13;\n<li>Pouvoir vous contacter \u00e0 propos de diff\u00e9rents \u00e9v\u00e8nements relatifs \u00e0 CEDIPACK incluant notamment la mise \u00e0 jour des produits et le support client.<\/li>&#13;\n<\/ul><p>Each data collection process has a specific purpose, defined by each form. CEDIPACK will not use personal data collected for another purpose than that specified without requesting further permission from the USER.<br\/>We only use your personal data based on the explicit consent you have provided for this purpose.<\/p>&#13;\n<p>Visitor statistics:<br\/>CEDIPACK uses Google Analytics\u00a9 (open-source solution).<\/p>&#13;\n<p>We collect technical and profiling data for the following purposes: The website automatically collects certain technical data concerning your device. Such information may include your IP address, hardware and software configuration, browser type and language, etc. We gather these data as they are essential for use to deliver our services.<br\/>We also collect technical data for commercial and statistical purposes:<br\/>The website automatically collects technical data concerning your device for commercial and statistical purposes. This information helps us to personalise and continuously improve your visitor experience on our website. We do not collect or store personal details (first &amp; last name, address, etc.) attached to technical data.<br\/>All data gathered is only ever used by CEDIPACK.<\/p>&#13;\n<h3>3.2. Destinataires des donn\u00e9es<\/h3>&#13;\n<p>Data transferred to third parties<br\/>Subject to the provisions of this personal data privacy policy or on the condition that we have obtained your consent beforehand, we may transfer your personal data to our subcontractors.<br\/>CEDIPACK requires of its service providers that they only use your personal data to manage the services that we request them to provide. CEDIPACK also requires that its service providers ensure compliance with data protection laws and regulations, paying special attention to the privacy of the data. To pursue this objective, CEDIPACK will ensure its subcontractors are compliant before using their services.<br\/>Moreover, CEDIPACK will not disclose your personal data to third parties except if:<br\/>You (or your account administrator acting in your name) make the request or authorise disclosure;<br\/>Disclosure is required to process transactions or to deliver services that you have requested;<br\/>In the event of summons to appear before a court or any other similar governmental or judicial requirement by a government body or regulatory authority in order to investigate or defend a legal request, CEDIPACK is obliged to comply with the demand;<br\/>The third party acts as an agent or subcontractor of CEDIPACK in the execution of its services (e.g. using the services of a telecommunications provider).<br\/>Currently the data recipients are:<\/p>&#13;\n<ul><li>OVH : Infog\u00e9rance du serveur de production.<\/li>&#13;\n<li>Ces entreprises sont conformes au r\u00e8glement RGPD.<\/li>&#13;\n<\/ul><p>Data conservation period<br\/>As specified in section 3.1, we do not store personal data on the website server except in the following cases:<br\/>Newsletter list: from the date of the USER&#8217;s registration until they unsubscribe.<br\/>Blog subscriber list: from the date of the USER&#8217;s registration until they unsubscribe.<br\/>Comments on articles: 36 months (3 years) from the last comment. CEDIPACK erases the personal data of users who are inactive for 3 years from the database and places them in an exclusion database.<br\/>Then, every 13 months CEDIPACK re-requests the consent of site USERS to manage its cookies.<\/p>&#13;\n<h2>4 \u2013 Utilisation des cookies<\/h2>&#13;\n<p>CEDIPACK hereby clearly informs you of the data processing it operates in the course of its activities, how the data are collected, used, and protected.<\/p>&#13;\n<p>You can disable or enable cookies at any time. The purpose of the cookies is to store your website browsing habits (date and time of visit, page(s) viewed, date and times of clicks, click locations, etc.). This information enables CEDIPACK to personalise the website to your individual interests, with quicker access to relevant sections for example.<\/p>&#13;\n<p>The cookies used on our website are of several types:<\/p>&#13;\n<ul><li>Les cookies dits \u00ab Techniques \u00bb :<br\/>Ces cookies sont indispensables \u00e0 la navigation sur notre site internet ;<\/li>&#13;\n<li>Les cookies dits \u00ab fonctionnels \u00bb :<br\/>Ils nous permettent de nous souvenir de vos pr\u00e9f\u00e9rences et de vous aider \u00e0 utiliser notre site internet. Ces cookies fonctionnels ne sont pas indispensables au bon fonctionnement du site internet, mais ils offrent des fonctionnalit\u00e9s suppl\u00e9mentaires et ils permettent de vous proposer une navigation optimale ;<\/li>&#13;\n<li>Les cookies analytiques :<br\/>Ils nous permettent de conserver des donn\u00e9es dans notre outil d\u2019analyse de trafic et d\u2019utilisation du site internet ;<\/li>&#13;\n<li>Les cookies publicitaires :<br\/>Nous n\u2019utilisons pas ce type de cookies. Notre site internet est sans publicit\u00e9.<\/li>&#13;\n<\/ul><p><strong>Purpose of cookies<\/strong><br\/>We remind you that refusing cookies is likely to alter your ability to access and use features on our website (e.g. view videos, store your login details, receive personalised recommendations, etc.).<br\/>We invite you to configure your browser settings in light of the purpose of cookies explained above, and manage them to suit your needs.<\/p>&#13;\n<h2>5 \u2013 Lieu de stockage des donn\u00e9es et transferts<\/h2>&#13;\n<p>The data servers used to store data are exclusively within the EU. The COMPANY reserves the right to access the USER&#8217;s personal data, to store and share them under legal obligation (summons or court order to produce documentation, etc.) if so required by law.<\/p>&#13;\n<h2>6 \u2013 H\u00e9bergement des donn\u00e9es \u00e0 caract\u00e8re personnel<\/h2>&#13;\n<p>Your personal data are stored either in our databases or in those of our service provider.<br\/>Contact details:<br\/>Server managed by IONOS by 1&amp;1 &#8211; 7 Place de la Gare 57200 Sarreguemines, France;<br\/>We have completed prior checks on the compliance of these providers with applicable regulations, to ensure the security of your personal data.<\/p>&#13;\n<h2>7 \u2013 Portabilit\u00e9 des donn\u00e9es<\/h2>&#13;\n<p>The right to portability was introduced to the French Consumer Code by articles L.244-42-1 and subs. by the French law for a Digital Republic (Loi pour une R\u00e9publique Num\u00e9rique) of 7 October 2016 and more recently by the European General Data Protection Regulation. It offers individuals the right to obtain and use their personal data to meet their own needs, via a range of services.<br\/>Three conditions must be met to exercise this right:<br\/>\u2022 The right to portability is limited to the personal data provided by the USER.<br\/>\u2022 It shall only apply if the data are processed by automated means and on the basis of the prior consent of the USER or the execution of an agreement entered into with the USER. <br\/>\u2022 Exercising this right shall not violate the rights and freedoms of third parties whose personal data are included within the data transferred via a request for portability.<\/p>&#13;\n<h2>8 \u2013 S\u00e9curit\u00e9<\/h2>&#13;\n<p>The COMPANY takes all necessary measures to protect your data, including preventing unauthorised access, even if we are unable to guarantee the security of any data transmitted via Internet due to its immensity and the development of hostile technologies.<\/p>&#13;\n<h3>8.1. Information de l\u2019Utilisateur en cas de faille de s\u00e9curit\u00e9<\/h3>&#13;\n<p>The COMPANY and its subcontractors shall implement all suitable technical and organisational measures using physical and digital security defences to ensure a suitable level of protection against the risk of accidental, unauthorised or illegal access, disclosure, alteration, loss, or destruction of your personal data. If we detect illegal access to your personal data stored on our servers or those of our service providers, or unauthorised access resulting in materialisation of the risks identified above, we undertake to:<\/p>&#13;\n<ul><li>Vous notifier l\u2019incident dans les plus brefs d\u00e9lais si cela r\u00e9pond \u00e0 une exigence l\u00e9gale ;<\/li>&#13;\n<li>Examiner les causes de l\u2019incident ;<\/li>&#13;\n<li>Prendre les mesures n\u00e9cessaires, dans la limite du raisonnable, afin d\u2019amoindrir les effets n\u00e9gatifs et pr\u00e9judices pouvant r\u00e9sulter du dit incident.<\/li>&#13;\n<li>Pr\u00e9venir la CNIL de l\u2019incident et des solutions mises en \u0153uvre en rapport au(x) pr\u00e9judice(s) caus\u00e9(s).<\/li>&#13;\n<\/ul><h3>8.2. Limite de responsabilit\u00e9<\/h3>&#13;\n<p>CEDIPACK and its subcontractors shall deploy all suitable means but are unable to guarantee 100% protection. Security management tools are not able to offer 100% protection against all imaginable attacks. Although they significantly increase security, they cannot replace the human brain.<\/p>&#13;\n<h2>9 \u2013 Droit de la personne concern\u00e9e \/ Droit d\u2019acc\u00e8s, de rectification, de r\u00e9tractation et de suppression<\/h2>&#13;\n<p>In accordance with the French Data Protection Act and the EU Directive 2016\/679 (General Data Protection Regulation &#8211; GDPR), you have the right to access, rectify, and delete your personal data using one of the following methods:<br\/>Contact form, application forms, partnership forms: communications via these forms are not subject to the collection of personal data, so it will not be possible to unsubscribe;<br\/>Subscription forms to our blog and comments: communications via these forms require the collection of personal data for identification; an unsubscribe link will be available in each notification e-mail. A clear procedure is available to withdraw consent and destroy all personal data.<br\/>Newsletter subscription form: communications via these forms require the collection of personal data and an unsubscribe link will be available in each notification e-mail. A clear procedure is available to withdraw consent.<br\/>The USER will be informed beforehand that destruction is definitive and the data will no longer exist.<br\/>To exercise your right, you may also write to us at contact@cedipack.fr including your first and last name, as well as the e-mail address used to register with us.<\/p>&#13;\n<h2>10 \u2013 R\u00e9solution des conflits\/litiges<\/h2>&#13;\n<p>For any dispute concerning the privacy policy, notably concerning its validity, its interpretation and its execution, the consequences and the outcome of such disputes shall fall under the jurisdiction of Paris commercial courts.<\/p>&#13;\n<h2>11 \u2013 Modification de la politique de confidentialit\u00e9<\/h2>&#13;\n<p>We inform you that this privacy policy may be updated or completed at any time by CEDIPACK, to ensure compliance with any changes to laws, regulations, case law, or technology.<br\/>Modifications to our privacy policy will be published on the website and transferred by email if necessary.<\/p>&#13;\n<h2>12 \u2013 Droit applicable et langue<\/h2>&#13;\n<p>This privacy policy is governed by French law. Its original version is in French. As it may be translated into other languages, in the event of dispute only the original French version shall be binding. The invalidity of one condition or clause shall not render the whole privacy policy invalid. The temporary or permanent non-application of one or more conditions by CEDIPACK shall not be considered as a waiver of any other conditions, all of which shall continue to have legal effect.<\/p>&#13;\n<h2>13 \u2013 D\u00e9charge de responsabilit\u00e9<\/h2>&#13;\n<p>CEDIPACK and all third parties involved in the creation and publication of this website provide no guarantee, whether explicit or implicit, and assume no liability concerning the use of this publication. In this respect, they may not be held liable to any USER or other party for direct or indirect damage, special, specific or ancillary damage resulting from their use of this website or any other website to which hypertext links point.<\/p>&#13;\n<p>Some information and data provided on the website are produced by third parties: CEDIPACK shall make its best efforts to ensure such information is reliable, relevant, accurate, and comprehensive, but shall not be liable for any errors or lack of availability of information. The content of any feedback to CEDIPACK shall be deemed non-confidential and free to use. Unless otherwise explicitly agreed, CEDIPACK may freely use any ideas, concepts, know-how, or techniques disclosed in such communication for all relevant purposes without restriction, to reproduce and disclose any information to third parties.<\/p>&#13;\n<h2>14 \u2013 Contact \/ Interlocuteur<\/h2>&#13;\n<p>All questions concerning the CEDIPACK privacy policy may be submitted by e-mail or by post to the following address:<\/p>&#13;\n<p>CEDIPACK \u2013 6 CHEMIN DE BRANCHY 74600 ANNECY France<\/p>&#13;\n<p>[\/et_pb_text][\/et_pb_column]<br \/>\n\t\t\t[\/et_pb_row]<br \/>\n\t\t[\/et_pb_section]<\/p>\n","protected":false},"excerpt":{"rendered":"<p>&#13; Introduction&#13; &#13; In the course of its activity, CEDIPACK, head office at 6, chemin de Branchy (74600 ANNECY, France), matriculated on the ANNECY register of commerce and companies, collects and processes personal data in full compliance with applicable regulations, namely the French Data Protection Act no. 78-17 of 6 January 1978 amended, and the [&hellip;]<\/p>\n","protected":false},"author":3,"featured_media":0,"parent":0,"menu_order":0,"comment_status":"closed","ping_status":"closed","template":"","meta":{"_acf_changed":false,"_et_pb_use_builder":"on","_et_pb_old_content":"","_et_gb_content_width":"","footnotes":""},"class_list":["post-2947","page","type-page","status-publish","hentry"],"acf":[],"yoast_head":"<!-- This site is optimized with the Yoast SEO plugin v26.1 - https:\/\/yoast.com\/wordpress\/plugins\/seo\/ -->\n<title>Privacy policy - Cedipack<\/title>\n<meta name=\"robots\" content=\"index, nofollow, max-snippet:-1, max-image-preview:large, max-video-preview:-1\" \/>\n<link rel=\"canonical\" href=\"https:\/\/cedipack.fr\/en\/privacy-policy\/\" \/>\n<meta property=\"og:locale\" content=\"en_US\" \/>\n<meta property=\"og:type\" content=\"article\" \/>\n<meta property=\"og:title\" content=\"Privacy policy - Cedipack\" \/>\n<meta property=\"og:description\" content=\"&#013; Introduction&#013; &#013; In the course of its activity, CEDIPACK, head office at 6, chemin de Branchy (74600 ANNECY, France), matriculated on the ANNECY register of commerce and companies, collects and processes personal data in full compliance with applicable regulations, namely the French Data Protection Act no. 78-17 of 6 January 1978 amended, and the [&hellip;]\" \/>\n<meta property=\"og:url\" content=\"https:\/\/cedipack.fr\/en\/privacy-policy\/\" \/>\n<meta property=\"og:site_name\" content=\"Cedipack\" \/>\n<meta property=\"article:modified_time\" content=\"2022-03-03T15:26:51+00:00\" \/>\n<meta name=\"twitter:card\" content=\"summary_large_image\" \/>\n<meta name=\"twitter:label1\" content=\"Est. reading time\" \/>\n\t<meta name=\"twitter:data1\" content=\"13 minutes\" \/>\n<script type=\"application\/ld+json\" class=\"yoast-schema-graph\">{\"@context\":\"https:\/\/schema.org\",\"@graph\":[{\"@type\":\"WebPage\",\"@id\":\"https:\/\/cedipack.fr\/en\/privacy-policy\/\",\"url\":\"https:\/\/cedipack.fr\/en\/privacy-policy\/\",\"name\":\"Privacy policy - Cedipack\",\"isPartOf\":{\"@id\":\"https:\/\/cedipack.fr\/en\/#website\"},\"datePublished\":\"2022-03-03T15:26:49+00:00\",\"dateModified\":\"2022-03-03T15:26:51+00:00\",\"breadcrumb\":{\"@id\":\"https:\/\/cedipack.fr\/en\/privacy-policy\/#breadcrumb\"},\"inLanguage\":\"en-US\",\"potentialAction\":[{\"@type\":\"ReadAction\",\"target\":[\"https:\/\/cedipack.fr\/en\/privacy-policy\/\"]}]},{\"@type\":\"BreadcrumbList\",\"@id\":\"https:\/\/cedipack.fr\/en\/privacy-policy\/#breadcrumb\",\"itemListElement\":[{\"@type\":\"ListItem\",\"position\":1,\"name\":\"Accueil\",\"item\":\"https:\/\/cedipack.fr\/en\/\"},{\"@type\":\"ListItem\",\"position\":2,\"name\":\"Privacy policy\"}]},{\"@type\":\"WebSite\",\"@id\":\"https:\/\/cedipack.fr\/en\/#website\",\"url\":\"https:\/\/cedipack.fr\/en\/\",\"name\":\"Cedipack\",\"description\":\"Machines de Fabrication &amp; Conditionnement de bouteilles plastique\",\"potentialAction\":[{\"@type\":\"SearchAction\",\"target\":{\"@type\":\"EntryPoint\",\"urlTemplate\":\"https:\/\/cedipack.fr\/en\/?s={search_term_string}\"},\"query-input\":{\"@type\":\"PropertyValueSpecification\",\"valueRequired\":true,\"valueName\":\"search_term_string\"}}],\"inLanguage\":\"en-US\"}]}<\/script>\n<!-- \/ Yoast SEO plugin. -->","yoast_head_json":{"title":"Privacy policy - Cedipack","robots":{"index":"index","follow":"nofollow","max-snippet":"max-snippet:-1","max-image-preview":"max-image-preview:large","max-video-preview":"max-video-preview:-1"},"canonical":"https:\/\/cedipack.fr\/en\/privacy-policy\/","og_locale":"en_US","og_type":"article","og_title":"Privacy policy - Cedipack","og_description":"&#13; Introduction&#13; &#13; In the course of its activity, CEDIPACK, head office at 6, chemin de Branchy (74600 ANNECY, France), matriculated on the ANNECY register of commerce and companies, collects and processes personal data in full compliance with applicable regulations, namely the French Data Protection Act no. 78-17 of 6 January 1978 amended, and the [&hellip;]","og_url":"https:\/\/cedipack.fr\/en\/privacy-policy\/","og_site_name":"Cedipack","article_modified_time":"2022-03-03T15:26:51+00:00","twitter_card":"summary_large_image","twitter_misc":{"Est. reading time":"13 minutes"},"schema":{"@context":"https:\/\/schema.org","@graph":[{"@type":"WebPage","@id":"https:\/\/cedipack.fr\/en\/privacy-policy\/","url":"https:\/\/cedipack.fr\/en\/privacy-policy\/","name":"Privacy policy - Cedipack","isPartOf":{"@id":"https:\/\/cedipack.fr\/en\/#website"},"datePublished":"2022-03-03T15:26:49+00:00","dateModified":"2022-03-03T15:26:51+00:00","breadcrumb":{"@id":"https:\/\/cedipack.fr\/en\/privacy-policy\/#breadcrumb"},"inLanguage":"en-US","potentialAction":[{"@type":"ReadAction","target":["https:\/\/cedipack.fr\/en\/privacy-policy\/"]}]},{"@type":"BreadcrumbList","@id":"https:\/\/cedipack.fr\/en\/privacy-policy\/#breadcrumb","itemListElement":[{"@type":"ListItem","position":1,"name":"Accueil","item":"https:\/\/cedipack.fr\/en\/"},{"@type":"ListItem","position":2,"name":"Privacy policy"}]},{"@type":"WebSite","@id":"https:\/\/cedipack.fr\/en\/#website","url":"https:\/\/cedipack.fr\/en\/","name":"Cedipack","description":"Machines de Fabrication &amp; Conditionnement de bouteilles plastique","potentialAction":[{"@type":"SearchAction","target":{"@type":"EntryPoint","urlTemplate":"https:\/\/cedipack.fr\/en\/?s={search_term_string}"},"query-input":{"@type":"PropertyValueSpecification","valueRequired":true,"valueName":"search_term_string"}}],"inLanguage":"en-US"}]}},"_links":{"self":[{"href":"https:\/\/cedipack.fr\/en\/wp-json\/wp\/v2\/pages\/2947","targetHints":{"allow":["GET"]}}],"collection":[{"href":"https:\/\/cedipack.fr\/en\/wp-json\/wp\/v2\/pages"}],"about":[{"href":"https:\/\/cedipack.fr\/en\/wp-json\/wp\/v2\/types\/page"}],"author":[{"embeddable":true,"href":"https:\/\/cedipack.fr\/en\/wp-json\/wp\/v2\/users\/3"}],"replies":[{"embeddable":true,"href":"https:\/\/cedipack.fr\/en\/wp-json\/wp\/v2\/comments?post=2947"}],"version-history":[{"count":1,"href":"https:\/\/cedipack.fr\/en\/wp-json\/wp\/v2\/pages\/2947\/revisions"}],"predecessor-version":[{"id":2948,"href":"https:\/\/cedipack.fr\/en\/wp-json\/wp\/v2\/pages\/2947\/revisions\/2948"}],"wp:attachment":[{"href":"https:\/\/cedipack.fr\/en\/wp-json\/wp\/v2\/media?parent=2947"}],"curies":[{"name":"wp","href":"https:\/\/api.w.org\/{rel}","templated":true}]}}